{"id":13540,"date":"2019-11-29T12:52:33","date_gmt":"2019-11-29T11:52:33","guid":{"rendered":"https:\/\/www.rgequip.com\/?post_type=product&#038;p=13540"},"modified":"2019-11-29T12:52:33","modified_gmt":"2019-11-29T11:52:33","slug":"centrifugeuse","status":"publish","type":"product","link":"https:\/\/www.rgequip.com\/?product=centrifugeuse","title":{"rendered":"CENTRIFUGEUSE"},"content":{"rendered":"<p><span>Con\u00e7u pour la pr\u00e9paration de jus naturels \u00e0 partir de divers types de fruits et l\u00e9gumes dans les entreprises de restauration et de commerce.<br \/>\n<\/span><span>Le mod\u00e8le \u00e9quip\u00e9 d&#8217;une \u00e9jection automatique des d\u00e9chets,<br \/>\nDe m\u00eame\u00a0que d&#8217;un micro-interrupteur d&#8217;urgence \u00e0 crochet sur le capot sup\u00e9rieur et d&#8217;un conteneur \u00e0 d\u00e9chets en plastique.<br \/>\n<\/span><span>La cuvette, le disque et le filtre sont en acier inoxydable.<\/span><\/p>\n","protected":false},"excerpt":{"rendered":"<p>Con\u00e7u pour la pr\u00e9paration de jus naturels \u00e0 partir de divers types de fruits et l\u00e9gumes dans les entreprises de<\/p>\n","protected":false},"featured_media":13543,"comment_status":"open","ping_status":"closed","template":"","meta":[],"product_brand":[],"product_cat":[323,325],"product_tag":[],"class_list":{"0":"post-13540","1":"product","2":"type-product","3":"status-publish","4":"has-post-thumbnail","6":"product_cat-jus-de-fruit","7":"product_cat-centrifugeuses","9":"first","10":"instock","11":"shipping-taxable","12":"product-type-simple"},"_links":{"self":[{"href":"https:\/\/www.rgequip.com\/index.php?rest_route=\/wp\/v2\/product\/13540","targetHints":{"allow":["GET"]}}],"collection":[{"href":"https:\/\/www.rgequip.com\/index.php?rest_route=\/wp\/v2\/product"}],"about":[{"href":"https:\/\/www.rgequip.com\/index.php?rest_route=\/wp\/v2\/types\/product"}],"replies":[{"embeddable":true,"href":"https:\/\/www.rgequip.com\/index.php?rest_route=%2Fwp%2Fv2%2Fcomments&post=13540"}],"version-history":[{"count":0,"href":"https:\/\/www.rgequip.com\/index.php?rest_route=\/wp\/v2\/product\/13540\/revisions"}],"wp:featuredmedia":[{"embeddable":true,"href":"https:\/\/www.rgequip.com\/index.php?rest_route=\/wp\/v2\/media\/13543"}],"wp:attachment":[{"href":"https:\/\/www.rgequip.com\/index.php?rest_route=%2Fwp%2Fv2%2Fmedia&parent=13540"}],"wp:term":[{"taxonomy":"product_brand","embeddable":true,"href":"https:\/\/www.rgequip.com\/index.php?rest_route=%2Fwp%2Fv2%2Fproduct_brand&post=13540"},{"taxonomy":"product_cat","embeddable":true,"href":"https:\/\/www.rgequip.com\/index.php?rest_route=%2Fwp%2Fv2%2Fproduct_cat&post=13540"},{"taxonomy":"product_tag","embeddable":true,"href":"https:\/\/www.rgequip.com\/index.php?rest_route=%2Fwp%2Fv2%2Fproduct_tag&post=13540"}],"curies":[{"name":"wp","href":"https:\/\/api.w.org\/{rel}","templated":true}]}}