{"id":13538,"date":"2019-11-29T12:38:36","date_gmt":"2019-11-29T11:38:36","guid":{"rendered":"https:\/\/www.rgequip.com\/?post_type=product&#038;p=13538"},"modified":"2019-11-29T12:58:36","modified_gmt":"2019-11-29T11:58:36","slug":"presse-agrumes-a-levier","status":"publish","type":"product","link":"https:\/\/www.rgequip.com\/?product=presse-agrumes-a-levier","title":{"rendered":"Presse Agrumes A levier"},"content":{"rendered":"<p>Presse-agrumes \u00e9lectrique en alliage d&#8217;aluminium satin\u00e9.<br \/>\nAllumer et \u00e9teindre en appuyant et en rel\u00e2chant le levier de pressage des fruits.<br \/>\nPoss\u00e8de une Cuvette amovible et un filtre,<br \/>\nDe m\u00eame, s&#8217;accompagne d&#8217;un c\u00f4ne de serrage \u00a0et d&#8217;un c\u00f4t\u00e9s anti-\u00e9claboussures en acier inoxydable.<\/p>\n","protected":false},"excerpt":{"rendered":"<p>Presse-agrumes \u00e9lectrique en alliage d&#8217;aluminium satin\u00e9. Allumer et \u00e9teindre en appuyant et en rel\u00e2chant le levier de pressage des fruits.<\/p>\n","protected":false},"featured_media":13544,"comment_status":"open","ping_status":"closed","template":"","meta":[],"product_brand":[],"product_cat":[323,327],"product_tag":[],"class_list":{"0":"post-13538","1":"product","2":"type-product","3":"status-publish","4":"has-post-thumbnail","6":"product_cat-jus-de-fruit","7":"product_cat-presses-agrumes","9":"first","10":"instock","11":"shipping-taxable","12":"product-type-simple"},"_links":{"self":[{"href":"https:\/\/www.rgequip.com\/index.php?rest_route=\/wp\/v2\/product\/13538","targetHints":{"allow":["GET"]}}],"collection":[{"href":"https:\/\/www.rgequip.com\/index.php?rest_route=\/wp\/v2\/product"}],"about":[{"href":"https:\/\/www.rgequip.com\/index.php?rest_route=\/wp\/v2\/types\/product"}],"replies":[{"embeddable":true,"href":"https:\/\/www.rgequip.com\/index.php?rest_route=%2Fwp%2Fv2%2Fcomments&post=13538"}],"version-history":[{"count":0,"href":"https:\/\/www.rgequip.com\/index.php?rest_route=\/wp\/v2\/product\/13538\/revisions"}],"wp:featuredmedia":[{"embeddable":true,"href":"https:\/\/www.rgequip.com\/index.php?rest_route=\/wp\/v2\/media\/13544"}],"wp:attachment":[{"href":"https:\/\/www.rgequip.com\/index.php?rest_route=%2Fwp%2Fv2%2Fmedia&parent=13538"}],"wp:term":[{"taxonomy":"product_brand","embeddable":true,"href":"https:\/\/www.rgequip.com\/index.php?rest_route=%2Fwp%2Fv2%2Fproduct_brand&post=13538"},{"taxonomy":"product_cat","embeddable":true,"href":"https:\/\/www.rgequip.com\/index.php?rest_route=%2Fwp%2Fv2%2Fproduct_cat&post=13538"},{"taxonomy":"product_tag","embeddable":true,"href":"https:\/\/www.rgequip.com\/index.php?rest_route=%2Fwp%2Fv2%2Fproduct_tag&post=13538"}],"curies":[{"name":"wp","href":"https:\/\/api.w.org\/{rel}","templated":true}]}}