{"id":13528,"date":"2019-11-29T11:37:59","date_gmt":"2019-11-29T10:37:59","guid":{"rendered":"https:\/\/www.rgequip.com\/?post_type=product&#038;p=13528"},"modified":"2019-11-29T11:37:59","modified_gmt":"2019-11-29T10:37:59","slug":"egouttoire-pour-assiettes-et-verres-murale","status":"publish","type":"product","link":"https:\/\/www.rgequip.com\/?product=egouttoire-pour-assiettes-et-verres-murale","title":{"rendered":"Egouttoire pour assiettes et verres Murale"},"content":{"rendered":"<p>Ch\u00e2ssis tubulaire en acier inox. \u00c9tag\u00e8res \u00e0 grilles en acier inox pour assiettes. Bac \u00e9gouttoir \u00e0 verres en acier inox. Cuvette d\u2019\u00e9gouttage en acier inox.<\/p>\n","protected":false},"excerpt":{"rendered":"<p>Ch\u00e2ssis tubulaire en acier inox. \u00c9tag\u00e8res \u00e0 grilles en acier inox pour assiettes. Bac \u00e9gouttoir \u00e0 verres en acier inox.<\/p>\n","protected":false},"featured_media":13529,"comment_status":"open","ping_status":"closed","template":"","meta":[],"product_brand":[],"product_cat":[392,393,396,397],"product_tag":[],"class_list":{"0":"post-13528","1":"product","2":"type-product","3":"status-publish","4":"has-post-thumbnail","6":"product_cat-laverie-hygiene","7":"product_cat-lavage","8":"product_cat-lave-vaisselle","9":"product_cat-lave-verre","11":"first","12":"instock","13":"shipping-taxable","14":"product-type-simple"},"_links":{"self":[{"href":"https:\/\/www.rgequip.com\/index.php?rest_route=\/wp\/v2\/product\/13528","targetHints":{"allow":["GET"]}}],"collection":[{"href":"https:\/\/www.rgequip.com\/index.php?rest_route=\/wp\/v2\/product"}],"about":[{"href":"https:\/\/www.rgequip.com\/index.php?rest_route=\/wp\/v2\/types\/product"}],"replies":[{"embeddable":true,"href":"https:\/\/www.rgequip.com\/index.php?rest_route=%2Fwp%2Fv2%2Fcomments&post=13528"}],"version-history":[{"count":0,"href":"https:\/\/www.rgequip.com\/index.php?rest_route=\/wp\/v2\/product\/13528\/revisions"}],"wp:featuredmedia":[{"embeddable":true,"href":"https:\/\/www.rgequip.com\/index.php?rest_route=\/wp\/v2\/media\/13529"}],"wp:attachment":[{"href":"https:\/\/www.rgequip.com\/index.php?rest_route=%2Fwp%2Fv2%2Fmedia&parent=13528"}],"wp:term":[{"taxonomy":"product_brand","embeddable":true,"href":"https:\/\/www.rgequip.com\/index.php?rest_route=%2Fwp%2Fv2%2Fproduct_brand&post=13528"},{"taxonomy":"product_cat","embeddable":true,"href":"https:\/\/www.rgequip.com\/index.php?rest_route=%2Fwp%2Fv2%2Fproduct_cat&post=13528"},{"taxonomy":"product_tag","embeddable":true,"href":"https:\/\/www.rgequip.com\/index.php?rest_route=%2Fwp%2Fv2%2Fproduct_tag&post=13528"}],"curies":[{"name":"wp","href":"https:\/\/api.w.org\/{rel}","templated":true}]}}