{"id":13525,"date":"2019-11-29T11:29:30","date_gmt":"2019-11-29T10:29:30","guid":{"rendered":"https:\/\/www.rgequip.com\/?post_type=product&#038;p=13525"},"modified":"2019-11-29T11:29:30","modified_gmt":"2019-11-29T10:29:30","slug":"egouttoir-a-vaisselles-et-verres-sur-roulettes-105l-x-55p-x134h","status":"publish","type":"product","link":"https:\/\/www.rgequip.com\/?product=egouttoir-a-vaisselles-et-verres-sur-roulettes-105l-x-55p-x134h","title":{"rendered":"\u00c9gouttoir A Vaisselles Et Verres Sur Roulettes 105(L) x 55(P) x134(H)"},"content":{"rendered":"<p>Ch\u00e2ssis tubulaire en acier inox. \u00c9tag\u00e8res \u00e0 grilles en acier inox pour assiettes. Bac \u00e9gouttoir \u00e0 verres en acier inox. Cuvette d\u2019\u00e9gouttage en acier inox. Roulettes pivotantes.<br \/>\nChariot-\u00e9gouttoir pour assiettes. 4 \u00e9tages<\/p>\n","protected":false},"excerpt":{"rendered":"<p>Ch\u00e2ssis tubulaire en acier inox. \u00c9tag\u00e8res \u00e0 grilles en acier inox pour assiettes. Bac \u00e9gouttoir \u00e0 verres en acier inox.<\/p>\n","protected":false},"featured_media":13523,"comment_status":"open","ping_status":"closed","template":"","meta":[],"product_brand":[],"product_cat":[392,393,396,397],"product_tag":[],"class_list":{"0":"post-13525","1":"product","2":"type-product","3":"status-publish","4":"has-post-thumbnail","6":"product_cat-laverie-hygiene","7":"product_cat-lavage","8":"product_cat-lave-vaisselle","9":"product_cat-lave-verre","11":"first","12":"instock","13":"shipping-taxable","14":"product-type-simple"},"_links":{"self":[{"href":"https:\/\/www.rgequip.com\/index.php?rest_route=\/wp\/v2\/product\/13525","targetHints":{"allow":["GET"]}}],"collection":[{"href":"https:\/\/www.rgequip.com\/index.php?rest_route=\/wp\/v2\/product"}],"about":[{"href":"https:\/\/www.rgequip.com\/index.php?rest_route=\/wp\/v2\/types\/product"}],"replies":[{"embeddable":true,"href":"https:\/\/www.rgequip.com\/index.php?rest_route=%2Fwp%2Fv2%2Fcomments&post=13525"}],"version-history":[{"count":0,"href":"https:\/\/www.rgequip.com\/index.php?rest_route=\/wp\/v2\/product\/13525\/revisions"}],"wp:featuredmedia":[{"embeddable":true,"href":"https:\/\/www.rgequip.com\/index.php?rest_route=\/wp\/v2\/media\/13523"}],"wp:attachment":[{"href":"https:\/\/www.rgequip.com\/index.php?rest_route=%2Fwp%2Fv2%2Fmedia&parent=13525"}],"wp:term":[{"taxonomy":"product_brand","embeddable":true,"href":"https:\/\/www.rgequip.com\/index.php?rest_route=%2Fwp%2Fv2%2Fproduct_brand&post=13525"},{"taxonomy":"product_cat","embeddable":true,"href":"https:\/\/www.rgequip.com\/index.php?rest_route=%2Fwp%2Fv2%2Fproduct_cat&post=13525"},{"taxonomy":"product_tag","embeddable":true,"href":"https:\/\/www.rgequip.com\/index.php?rest_route=%2Fwp%2Fv2%2Fproduct_tag&post=13525"}],"curies":[{"name":"wp","href":"https:\/\/api.w.org\/{rel}","templated":true}]}}