{"id":13481,"date":"2019-11-28T17:16:04","date_gmt":"2019-11-28T16:16:04","guid":{"rendered":"https:\/\/www.rgequip.com\/?post_type=product&#038;p=13481"},"modified":"2020-07-08T16:21:23","modified_gmt":"2020-07-08T14:21:23","slug":"mini-vitrine-refrigeree-a-poser-705l580p670h","status":"publish","type":"product","link":"https:\/\/www.rgequip.com\/?product=mini-vitrine-refrigeree-a-poser-705l580p670h","title":{"rendered":"Mini Vitrine R\u00e9frig\u00e9r\u00e9e A poser 705(L)*580(P)*670(H)"},"content":{"rendered":"<p>Vitrine r\u00e9frig\u00e9r\u00e9e ventil\u00e9e avec d\u00e9givrage automatique avec conteneur pour l\u2019\u00e9vaporation de l\u2019eau.<br \/>\nDe m\u00eame,dot\u00e9 d&#8217;un Eclairage int\u00e9rieur led et d&#8217;un Contr\u00f4le \u00e9lectronique de la temp\u00e9rature.<br \/>\nQuatre c\u00f4t\u00e9s avec double verre exposant tous les produits et gardant l\u2019efficacit\u00e9 thermique.<br \/>\nEn plus de sa Structure en verre et en plastique et de sa partie frontale en acier inox.<br \/>\nAvec portes coulissantes.<\/p>\n","protected":false},"excerpt":{"rendered":"<p>Vitrine r\u00e9frig\u00e9r\u00e9e ventil\u00e9e avec d\u00e9givrage automatique avec conteneur pour l\u2019\u00e9vaporation de l\u2019eau. De m\u00eame,dot\u00e9 d&#8217;un Eclairage int\u00e9rieur led et d&#8217;un<\/p>\n","protected":false},"featured_media":13482,"comment_status":"open","ping_status":"closed","template":"","meta":[],"product_brand":[],"product_cat":[268,289,272],"product_tag":[],"class_list":{"0":"post-13481","1":"product","2":"type-product","3":"status-publish","4":"has-post-thumbnail","6":"product_cat-froids","7":"product_cat-v-centrale","8":"product_cat-vitrines","10":"first","11":"instock","12":"shipping-taxable","13":"product-type-simple"},"_links":{"self":[{"href":"https:\/\/www.rgequip.com\/index.php?rest_route=\/wp\/v2\/product\/13481","targetHints":{"allow":["GET"]}}],"collection":[{"href":"https:\/\/www.rgequip.com\/index.php?rest_route=\/wp\/v2\/product"}],"about":[{"href":"https:\/\/www.rgequip.com\/index.php?rest_route=\/wp\/v2\/types\/product"}],"replies":[{"embeddable":true,"href":"https:\/\/www.rgequip.com\/index.php?rest_route=%2Fwp%2Fv2%2Fcomments&post=13481"}],"version-history":[{"count":0,"href":"https:\/\/www.rgequip.com\/index.php?rest_route=\/wp\/v2\/product\/13481\/revisions"}],"wp:featuredmedia":[{"embeddable":true,"href":"https:\/\/www.rgequip.com\/index.php?rest_route=\/wp\/v2\/media\/13482"}],"wp:attachment":[{"href":"https:\/\/www.rgequip.com\/index.php?rest_route=%2Fwp%2Fv2%2Fmedia&parent=13481"}],"wp:term":[{"taxonomy":"product_brand","embeddable":true,"href":"https:\/\/www.rgequip.com\/index.php?rest_route=%2Fwp%2Fv2%2Fproduct_brand&post=13481"},{"taxonomy":"product_cat","embeddable":true,"href":"https:\/\/www.rgequip.com\/index.php?rest_route=%2Fwp%2Fv2%2Fproduct_cat&post=13481"},{"taxonomy":"product_tag","embeddable":true,"href":"https:\/\/www.rgequip.com\/index.php?rest_route=%2Fwp%2Fv2%2Fproduct_tag&post=13481"}],"curies":[{"name":"wp","href":"https:\/\/api.w.org\/{rel}","templated":true}]}}