{"id":13378,"date":"2019-11-26T15:48:16","date_gmt":"2019-11-26T14:48:16","guid":{"rendered":"https:\/\/www.rgequip.com\/?post_type=product&#038;p=13378"},"modified":"2019-11-26T15:48:17","modified_gmt":"2019-11-26T14:48:17","slug":"barbecue-a-gaz-bbq-x4","status":"publish","type":"product","link":"https:\/\/www.rgequip.com\/?product=barbecue-a-gaz-bbq-x4","title":{"rendered":"Barbecue A Gaz BBQ X4"},"content":{"rendered":"<p>Barbecue \u00e0 gaz d\u2019ext\u00e9rieur avec couvercle et thermom\u00e8tre.<\/p>\n<p>\u2013 Grille de cuisson divis\u00e9e en 3 ou 4 zones \u00e0 commandes s\u00e9par\u00e9es.<\/p>\n<p>\u2013 Couvercle, tableau de bord et portes en acier inox.<\/p>\n<p>\u2013 Structure et tablettes en acier laqu\u00e9.<\/p>\n<p>\u2013 Grilles inox faciles \u00e0 d\u00e9monter pour simplifier le nettoyage.<\/p>\n<p>\u2013 Grille haute de maintien au chaud.<\/p>\n<p>\u2013 R\u00e9cup\u00e9rateur de graisse sous les br\u00fbleurs avec bac amovible.<\/p>\n<p>\u2013 Br\u00fbleur lat\u00e9ral int\u00e9gr\u00e9 avec couvercle.<\/p>\n<p>\u2013 4 roulettes avec frein.<\/p>\n","protected":false},"excerpt":{"rendered":"<p>Barbecue \u00e0 gaz d\u2019ext\u00e9rieur avec couvercle et thermom\u00e8tre. \u2013 Grille de cuisson divis\u00e9e en 3 ou 4 zones \u00e0 commandes<\/p>\n","protected":false},"featured_media":13377,"comment_status":"open","ping_status":"closed","template":"","meta":[],"product_brand":[],"product_cat":[226,240,228,235],"product_tag":[],"class_list":{"0":"post-13378","1":"product","2":"type-product","3":"status-publish","4":"has-post-thumbnail","6":"product_cat-cuisson","7":"product_cat-r-gaz","8":"product_cat-rechauds","9":"product_cat-snacking","11":"first","12":"instock","13":"shipping-taxable","14":"product-type-simple"},"_links":{"self":[{"href":"https:\/\/www.rgequip.com\/index.php?rest_route=\/wp\/v2\/product\/13378","targetHints":{"allow":["GET"]}}],"collection":[{"href":"https:\/\/www.rgequip.com\/index.php?rest_route=\/wp\/v2\/product"}],"about":[{"href":"https:\/\/www.rgequip.com\/index.php?rest_route=\/wp\/v2\/types\/product"}],"replies":[{"embeddable":true,"href":"https:\/\/www.rgequip.com\/index.php?rest_route=%2Fwp%2Fv2%2Fcomments&post=13378"}],"version-history":[{"count":0,"href":"https:\/\/www.rgequip.com\/index.php?rest_route=\/wp\/v2\/product\/13378\/revisions"}],"wp:featuredmedia":[{"embeddable":true,"href":"https:\/\/www.rgequip.com\/index.php?rest_route=\/wp\/v2\/media\/13377"}],"wp:attachment":[{"href":"https:\/\/www.rgequip.com\/index.php?rest_route=%2Fwp%2Fv2%2Fmedia&parent=13378"}],"wp:term":[{"taxonomy":"product_brand","embeddable":true,"href":"https:\/\/www.rgequip.com\/index.php?rest_route=%2Fwp%2Fv2%2Fproduct_brand&post=13378"},{"taxonomy":"product_cat","embeddable":true,"href":"https:\/\/www.rgequip.com\/index.php?rest_route=%2Fwp%2Fv2%2Fproduct_cat&post=13378"},{"taxonomy":"product_tag","embeddable":true,"href":"https:\/\/www.rgequip.com\/index.php?rest_route=%2Fwp%2Fv2%2Fproduct_tag&post=13378"}],"curies":[{"name":"wp","href":"https:\/\/api.w.org\/{rel}","templated":true}]}}