{"id":13372,"date":"2019-11-26T15:33:50","date_gmt":"2019-11-26T14:33:50","guid":{"rendered":"https:\/\/www.rgequip.com\/?post_type=product&#038;p=13372"},"modified":"2019-11-29T09:41:23","modified_gmt":"2019-11-29T08:41:23","slug":"scelleuse-sigallatrice-s-400","status":"publish","type":"product","link":"https:\/\/www.rgequip.com\/?product=scelleuse-sigallatrice-s-400","title":{"rendered":"Scelleuse Sigillatrice S 400"},"content":{"rendered":"<p>Scelleuse facile et rapides \u00e0 utiliser, indispensables dans la gestion des aliments.<br \/>\nElles peuvent souder tous les types de sachets en plastique pour aliments sur 2 mm\u00a0 D&#8217;\u00e9paisseur et sur une longueur de 300 ou 400 mm. Le temporisateur situ\u00e9 sur le devant permet de sceller des sachets de diff\u00e9rente \u00e9paisseur, alors que le mod\u00e8le S400\/2T \u00e9quip\u00e9 D&#8217;un coupoir permet D&#8217;\u00e9liminer la partie r\u00e9siduelle du sachet.<\/p>\n","protected":false},"excerpt":{"rendered":"<p>Scelleuse facile et rapides \u00e0 utiliser, indispensables dans la gestion des aliments. Elles peuvent souder tous les types de sachets<\/p>\n","protected":false},"featured_media":13371,"comment_status":"open","ping_status":"closed","template":"","meta":[],"product_brand":[],"product_cat":[337,343],"product_tag":[],"class_list":{"0":"post-13372","1":"product","2":"type-product","3":"status-publish","4":"has-post-thumbnail","6":"product_cat-preparation","7":"product_cat-sous-vide","9":"first","10":"instock","11":"shipping-taxable","12":"product-type-simple"},"_links":{"self":[{"href":"https:\/\/www.rgequip.com\/index.php?rest_route=\/wp\/v2\/product\/13372","targetHints":{"allow":["GET"]}}],"collection":[{"href":"https:\/\/www.rgequip.com\/index.php?rest_route=\/wp\/v2\/product"}],"about":[{"href":"https:\/\/www.rgequip.com\/index.php?rest_route=\/wp\/v2\/types\/product"}],"replies":[{"embeddable":true,"href":"https:\/\/www.rgequip.com\/index.php?rest_route=%2Fwp%2Fv2%2Fcomments&post=13372"}],"version-history":[{"count":0,"href":"https:\/\/www.rgequip.com\/index.php?rest_route=\/wp\/v2\/product\/13372\/revisions"}],"wp:featuredmedia":[{"embeddable":true,"href":"https:\/\/www.rgequip.com\/index.php?rest_route=\/wp\/v2\/media\/13371"}],"wp:attachment":[{"href":"https:\/\/www.rgequip.com\/index.php?rest_route=%2Fwp%2Fv2%2Fmedia&parent=13372"}],"wp:term":[{"taxonomy":"product_brand","embeddable":true,"href":"https:\/\/www.rgequip.com\/index.php?rest_route=%2Fwp%2Fv2%2Fproduct_brand&post=13372"},{"taxonomy":"product_cat","embeddable":true,"href":"https:\/\/www.rgequip.com\/index.php?rest_route=%2Fwp%2Fv2%2Fproduct_cat&post=13372"},{"taxonomy":"product_tag","embeddable":true,"href":"https:\/\/www.rgequip.com\/index.php?rest_route=%2Fwp%2Fv2%2Fproduct_tag&post=13372"}],"curies":[{"name":"wp","href":"https:\/\/api.w.org\/{rel}","templated":true}]}}