{"id":13368,"date":"2019-11-26T14:44:47","date_gmt":"2019-11-26T13:44:47","guid":{"rendered":"https:\/\/www.rgequip.com\/?post_type=product&#038;p=13368"},"modified":"2019-11-26T14:45:59","modified_gmt":"2019-11-26T13:45:59","slug":"laminoir-a-pizza","status":"publish","type":"product","link":"https:\/\/www.rgequip.com\/?product=laminoir-a-pizza","title":{"rendered":"Laminoir A Pizza"},"content":{"rendered":"<p>&#8211; Laminoir \u00e0 pizza id\u00e9al pour \u00e9taler les pizzas, les fougasses, le pain, etc.<\/p>\n<p>&#8211; La p\u00e2te travaill\u00e9e \u00e0 froid pour ne pas alt\u00e9rer ses propri\u00e9t\u00e9s.<\/p>\n<p>-De m\u00eame le R\u00e9glage facile de l&#8217;\u00e9paisseur et du diam\u00e8tre de la p\u00e2te selon les besoins de l&#8217;utilisateur.<\/p>\n<p>&#8211; Fabrication en acier inox AISI 304.<\/p>\n<p>&#8211; Poign\u00e9es de r\u00e9glage de l&#8217;\u00e9paisseur des rouleaux en aluminium<\/p>\n<p>&#8211; Syst\u00e8me r\u00e9sistant de transmission par engrenages m\u00e9talliques<\/p>\n<p>&#8211; Racleurs de rouleau inf\u00e9rieur faciles \u00e0 d\u00e9monter pour un nettoyage efficace<\/p>\n","protected":false},"excerpt":{"rendered":"<p>&#8211; Laminoir \u00e0 pizza id\u00e9al pour \u00e9taler les pizzas, les fougasses, le pain, etc. &#8211; La p\u00e2te travaill\u00e9e \u00e0 froid<\/p>\n","protected":false},"featured_media":13369,"comment_status":"open","ping_status":"closed","template":"","meta":[],"product_brand":[],"product_cat":[369,391,375],"product_tag":[],"class_list":{"0":"post-13368","1":"product","2":"type-product","3":"status-publish","4":"has-post-thumbnail","6":"product_cat-boulangerie","7":"product_cat-laminoirs","8":"product_cat-patisserie-et-specialistes","10":"first","11":"instock","12":"shipping-taxable","13":"product-type-simple"},"_links":{"self":[{"href":"https:\/\/www.rgequip.com\/index.php?rest_route=\/wp\/v2\/product\/13368","targetHints":{"allow":["GET"]}}],"collection":[{"href":"https:\/\/www.rgequip.com\/index.php?rest_route=\/wp\/v2\/product"}],"about":[{"href":"https:\/\/www.rgequip.com\/index.php?rest_route=\/wp\/v2\/types\/product"}],"replies":[{"embeddable":true,"href":"https:\/\/www.rgequip.com\/index.php?rest_route=%2Fwp%2Fv2%2Fcomments&post=13368"}],"version-history":[{"count":0,"href":"https:\/\/www.rgequip.com\/index.php?rest_route=\/wp\/v2\/product\/13368\/revisions"}],"wp:featuredmedia":[{"embeddable":true,"href":"https:\/\/www.rgequip.com\/index.php?rest_route=\/wp\/v2\/media\/13369"}],"wp:attachment":[{"href":"https:\/\/www.rgequip.com\/index.php?rest_route=%2Fwp%2Fv2%2Fmedia&parent=13368"}],"wp:term":[{"taxonomy":"product_brand","embeddable":true,"href":"https:\/\/www.rgequip.com\/index.php?rest_route=%2Fwp%2Fv2%2Fproduct_brand&post=13368"},{"taxonomy":"product_cat","embeddable":true,"href":"https:\/\/www.rgequip.com\/index.php?rest_route=%2Fwp%2Fv2%2Fproduct_cat&post=13368"},{"taxonomy":"product_tag","embeddable":true,"href":"https:\/\/www.rgequip.com\/index.php?rest_route=%2Fwp%2Fv2%2Fproduct_tag&post=13368"}],"curies":[{"name":"wp","href":"https:\/\/api.w.org\/{rel}","templated":true}]}}