{"id":13364,"date":"2019-11-26T14:34:59","date_gmt":"2019-11-26T13:34:59","guid":{"rendered":"https:\/\/www.rgequip.com\/?post_type=product&#038;p=13364"},"modified":"2019-11-26T14:34:59","modified_gmt":"2019-11-26T13:34:59","slug":"presse-agrume-300385-mm","status":"publish","type":"product","link":"https:\/\/www.rgequip.com\/?product=presse-agrume-300385-mm","title":{"rendered":"Presse Agrume 300*385 mm"},"content":{"rendered":"<p>Imposant et performant, adapt\u00e9 pour les grandes charges de travail.<\/p>\n<p>&#8211; Structure en aluminium anodis\u00e9.<\/p>\n<p>De plus, le Bac en acier inox AISI 304, facilement d\u00e9montable pour le lavage aussi dans le lave-vaisselle.<\/p>\n<p>&#8211; Levier en acier inox AISI 304.<\/p>\n<p>&#8211; Puissant moteur ventil\u00e9 avec r\u00e9duction par engrenages.<\/p>\n<p>&#8211; Disponible 2 diff\u00e9rentes c\u00f4nes facilement d\u00e9montable pour le lavage aussi dans le lave-vaisselle :<\/p>\n<p>. C\u00f4ne pour citrons avec le tamis s\u00e9par\u00e9<\/p>\n<p>. C\u00f4ne pour agrumes avec le tamis s\u00e9par\u00e9<\/p>\n<p>&#8211; Micro interrupteur sur c\u00f4ne de s\u00e9rie.<\/p>\n<p>&#8211; Variateur de vitesse en option.<\/p>\n<p>&#8211; Pratique sous-verre contre les gouttes.<\/p>\n<p>&#8211; Nouveau collier d\u00e9montable et lavable pour une majeure stabilit\u00e9 du bac.<\/p>\n","protected":false},"excerpt":{"rendered":"<p>Imposant et performant, adapt\u00e9 pour les grandes charges de travail. &#8211; Structure en aluminium anodis\u00e9. De plus, le Bac en<\/p>\n","protected":false},"featured_media":13367,"comment_status":"open","ping_status":"closed","template":"","meta":[],"product_brand":[],"product_cat":[314,323,327],"product_tag":[],"class_list":{"0":"post-13364","1":"product","2":"type-product","3":"status-publish","4":"has-post-thumbnail","6":"product_cat-cafe-bar","7":"product_cat-jus-de-fruit","8":"product_cat-presses-agrumes","10":"first","11":"instock","12":"shipping-taxable","13":"product-type-simple"},"_links":{"self":[{"href":"https:\/\/www.rgequip.com\/index.php?rest_route=\/wp\/v2\/product\/13364","targetHints":{"allow":["GET"]}}],"collection":[{"href":"https:\/\/www.rgequip.com\/index.php?rest_route=\/wp\/v2\/product"}],"about":[{"href":"https:\/\/www.rgequip.com\/index.php?rest_route=\/wp\/v2\/types\/product"}],"replies":[{"embeddable":true,"href":"https:\/\/www.rgequip.com\/index.php?rest_route=%2Fwp%2Fv2%2Fcomments&post=13364"}],"version-history":[{"count":0,"href":"https:\/\/www.rgequip.com\/index.php?rest_route=\/wp\/v2\/product\/13364\/revisions"}],"wp:featuredmedia":[{"embeddable":true,"href":"https:\/\/www.rgequip.com\/index.php?rest_route=\/wp\/v2\/media\/13367"}],"wp:attachment":[{"href":"https:\/\/www.rgequip.com\/index.php?rest_route=%2Fwp%2Fv2%2Fmedia&parent=13364"}],"wp:term":[{"taxonomy":"product_brand","embeddable":true,"href":"https:\/\/www.rgequip.com\/index.php?rest_route=%2Fwp%2Fv2%2Fproduct_brand&post=13364"},{"taxonomy":"product_cat","embeddable":true,"href":"https:\/\/www.rgequip.com\/index.php?rest_route=%2Fwp%2Fv2%2Fproduct_cat&post=13364"},{"taxonomy":"product_tag","embeddable":true,"href":"https:\/\/www.rgequip.com\/index.php?rest_route=%2Fwp%2Fv2%2Fproduct_tag&post=13364"}],"curies":[{"name":"wp","href":"https:\/\/api.w.org\/{rel}","templated":true}]}}