{"id":13362,"date":"2019-11-26T14:26:37","date_gmt":"2019-11-26T13:26:37","guid":{"rendered":"https:\/\/www.rgequip.com\/?post_type=product&#038;p=13362"},"modified":"2019-11-26T14:26:37","modified_gmt":"2019-11-26T13:26:37","slug":"four-a-micro-onde-panasonic","status":"publish","type":"product","link":"https:\/\/www.rgequip.com\/?product=four-a-micro-onde-panasonic","title":{"rendered":"Four A Micro onde Panasonic"},"content":{"rendered":"<p>Four combin\u00e9, parfait pour n&#8217;importe quelle exigence gr\u00e2ce \u00e0 3 diff\u00e9rentes modalit\u00e9s de configurations: micro-ondes, grill et convection.<\/p>\n<p>\u2022 La fonction grill, s&#8217;obtient avec des tubes au quartz, gr\u00e2ce aux trois niveaux de puissance, elle permet le r\u00e9chauffage de nombreux types de plats.<\/p>\n<p>\u2022 La combinaison entre le micro-ondes et le grill rend le four polyvalent \u00e9galement pour la r\u00e9alisation des cuissons compl\u00e8tes.<\/p>\n","protected":false},"excerpt":{"rendered":"<p>Four combin\u00e9, parfait pour n&#8217;importe quelle exigence gr\u00e2ce \u00e0 3 diff\u00e9rentes modalit\u00e9s de configurations: micro-ondes, grill et convection. \u2022 La<\/p>\n","protected":false},"featured_media":13363,"comment_status":"open","ping_status":"closed","template":"","meta":[],"product_brand":[],"product_cat":[226,244,229],"product_tag":[],"class_list":{"0":"post-13362","1":"product","2":"type-product","3":"status-publish","4":"has-post-thumbnail","6":"product_cat-cuisson","7":"product_cat-f-micro-ondes","8":"product_cat-fours","10":"first","11":"instock","12":"shipping-taxable","13":"product-type-simple"},"_links":{"self":[{"href":"https:\/\/www.rgequip.com\/index.php?rest_route=\/wp\/v2\/product\/13362","targetHints":{"allow":["GET"]}}],"collection":[{"href":"https:\/\/www.rgequip.com\/index.php?rest_route=\/wp\/v2\/product"}],"about":[{"href":"https:\/\/www.rgequip.com\/index.php?rest_route=\/wp\/v2\/types\/product"}],"replies":[{"embeddable":true,"href":"https:\/\/www.rgequip.com\/index.php?rest_route=%2Fwp%2Fv2%2Fcomments&post=13362"}],"version-history":[{"count":0,"href":"https:\/\/www.rgequip.com\/index.php?rest_route=\/wp\/v2\/product\/13362\/revisions"}],"wp:featuredmedia":[{"embeddable":true,"href":"https:\/\/www.rgequip.com\/index.php?rest_route=\/wp\/v2\/media\/13363"}],"wp:attachment":[{"href":"https:\/\/www.rgequip.com\/index.php?rest_route=%2Fwp%2Fv2%2Fmedia&parent=13362"}],"wp:term":[{"taxonomy":"product_brand","embeddable":true,"href":"https:\/\/www.rgequip.com\/index.php?rest_route=%2Fwp%2Fv2%2Fproduct_brand&post=13362"},{"taxonomy":"product_cat","embeddable":true,"href":"https:\/\/www.rgequip.com\/index.php?rest_route=%2Fwp%2Fv2%2Fproduct_cat&post=13362"},{"taxonomy":"product_tag","embeddable":true,"href":"https:\/\/www.rgequip.com\/index.php?rest_route=%2Fwp%2Fv2%2Fproduct_tag&post=13362"}],"curies":[{"name":"wp","href":"https:\/\/api.w.org\/{rel}","templated":true}]}}