{"id":13360,"date":"2019-11-26T14:17:05","date_gmt":"2019-11-26T13:17:05","guid":{"rendered":"https:\/\/www.rgequip.com\/?post_type=product&#038;p=13360"},"modified":"2019-11-26T14:17:06","modified_gmt":"2019-11-26T13:17:06","slug":"plaque-chauffe-pizza","status":"publish","type":"product","link":"https:\/\/www.rgequip.com\/?product=plaque-chauffe-pizza","title":{"rendered":"Plaque Chauffe-Pizza"},"content":{"rendered":"<p>Structure solide et compacte.<\/p>\n<p>Enti\u00e8rement fabriqu\u00e9e en acier inox AISI 340.<\/p>\n<p>&#8211; En plus, les R\u00e9sistances blind\u00e9es prot\u00e9g\u00e9es contre les impacts accidentels.<\/p>\n<p>&#8211; Temp\u00e9rature r\u00e9glable avec thermostat de 0 \u00e0 60 \u00b0C.<\/p>\n<p>&#8211; T\u00e9moin lumineux pour indiquer pr\u00e9sence courant.<\/p>\n","protected":false},"excerpt":{"rendered":"<p>Structure solide et compacte. Enti\u00e8rement fabriqu\u00e9e en acier inox AISI 340. &#8211; En plus, les R\u00e9sistances blind\u00e9es prot\u00e9g\u00e9es contre les<\/p>\n","protected":false},"featured_media":13361,"comment_status":"open","ping_status":"closed","template":"","meta":[],"product_brand":[],"product_cat":[313,311,300,312],"product_tag":[],"class_list":{"0":"post-13360","1":"product","2":"type-product","3":"status-publish","4":"has-post-thumbnail","6":"product_cat-maintien-chaud","7":"product_cat-chauffes-assietes","8":"product_cat-chauffes-assietes-et-plats","9":"product_cat-chauffes-plats","11":"first","12":"instock","13":"shipping-taxable","14":"product-type-simple"},"_links":{"self":[{"href":"https:\/\/www.rgequip.com\/index.php?rest_route=\/wp\/v2\/product\/13360","targetHints":{"allow":["GET"]}}],"collection":[{"href":"https:\/\/www.rgequip.com\/index.php?rest_route=\/wp\/v2\/product"}],"about":[{"href":"https:\/\/www.rgequip.com\/index.php?rest_route=\/wp\/v2\/types\/product"}],"replies":[{"embeddable":true,"href":"https:\/\/www.rgequip.com\/index.php?rest_route=%2Fwp%2Fv2%2Fcomments&post=13360"}],"version-history":[{"count":0,"href":"https:\/\/www.rgequip.com\/index.php?rest_route=\/wp\/v2\/product\/13360\/revisions"}],"wp:featuredmedia":[{"embeddable":true,"href":"https:\/\/www.rgequip.com\/index.php?rest_route=\/wp\/v2\/media\/13361"}],"wp:attachment":[{"href":"https:\/\/www.rgequip.com\/index.php?rest_route=%2Fwp%2Fv2%2Fmedia&parent=13360"}],"wp:term":[{"taxonomy":"product_brand","embeddable":true,"href":"https:\/\/www.rgequip.com\/index.php?rest_route=%2Fwp%2Fv2%2Fproduct_brand&post=13360"},{"taxonomy":"product_cat","embeddable":true,"href":"https:\/\/www.rgequip.com\/index.php?rest_route=%2Fwp%2Fv2%2Fproduct_cat&post=13360"},{"taxonomy":"product_tag","embeddable":true,"href":"https:\/\/www.rgequip.com\/index.php?rest_route=%2Fwp%2Fv2%2Fproduct_tag&post=13360"}],"curies":[{"name":"wp","href":"https:\/\/api.w.org\/{rel}","templated":true}]}}