{"id":13351,"date":"2019-11-26T13:46:08","date_gmt":"2019-11-26T12:46:08","guid":{"rendered":"https:\/\/www.rgequip.com\/?post_type=product&#038;p=13351"},"modified":"2019-11-26T13:46:09","modified_gmt":"2019-11-26T12:46:09","slug":"machine-a-emballer-en-acier-inoxydable-590720130-mm","status":"publish","type":"product","link":"https:\/\/www.rgequip.com\/?product=machine-a-emballer-en-acier-inoxydable-590720130-mm","title":{"rendered":"Machine A Emballer En Acier Inoxydable 590*720*130 mm"},"content":{"rendered":"<p>Id\u00e9aux pour l\u2019emballage d\u2019aliments tels que viandes, fromages, p\u00e2tes, fruits et verdures fra\u00eeches; les dispenser offrent un service rapide et hygi\u00e9nique en supermarch\u00e9s, boucheries et gastronomies en g\u00e9n\u00e9ral, o\u00f9 le commerce de produits frais requiert un emballage journalier rapide et s\u00fbr.<\/p>\n<p>&#8211; Structure en acier inox.<\/p>\n<p>&#8211; Rouleaux et petites tiges en aluminium anodis\u00e9.<\/p>\n<p>&#8211; Table chauffante r\u00e9glable par thermostat.<\/p>\n<p>&#8211; Profil t\u00e9flonn\u00e9 (ne provoquent pas de fum\u00e9e).<\/p>\n","protected":false},"excerpt":{"rendered":"<p>Id\u00e9aux pour l\u2019emballage d\u2019aliments tels que viandes, fromages, p\u00e2tes, fruits et verdures fra\u00eeches; les dispenser offrent un service rapide et<\/p>\n","protected":false},"featured_media":13354,"comment_status":"open","ping_status":"closed","template":"","meta":[],"product_brand":[],"product_cat":[337,343],"product_tag":[],"class_list":{"0":"post-13351","1":"product","2":"type-product","3":"status-publish","4":"has-post-thumbnail","6":"product_cat-preparation","7":"product_cat-sous-vide","9":"first","10":"instock","11":"shipping-taxable","12":"product-type-simple"},"_links":{"self":[{"href":"https:\/\/www.rgequip.com\/index.php?rest_route=\/wp\/v2\/product\/13351","targetHints":{"allow":["GET"]}}],"collection":[{"href":"https:\/\/www.rgequip.com\/index.php?rest_route=\/wp\/v2\/product"}],"about":[{"href":"https:\/\/www.rgequip.com\/index.php?rest_route=\/wp\/v2\/types\/product"}],"replies":[{"embeddable":true,"href":"https:\/\/www.rgequip.com\/index.php?rest_route=%2Fwp%2Fv2%2Fcomments&post=13351"}],"version-history":[{"count":0,"href":"https:\/\/www.rgequip.com\/index.php?rest_route=\/wp\/v2\/product\/13351\/revisions"}],"wp:featuredmedia":[{"embeddable":true,"href":"https:\/\/www.rgequip.com\/index.php?rest_route=\/wp\/v2\/media\/13354"}],"wp:attachment":[{"href":"https:\/\/www.rgequip.com\/index.php?rest_route=%2Fwp%2Fv2%2Fmedia&parent=13351"}],"wp:term":[{"taxonomy":"product_brand","embeddable":true,"href":"https:\/\/www.rgequip.com\/index.php?rest_route=%2Fwp%2Fv2%2Fproduct_brand&post=13351"},{"taxonomy":"product_cat","embeddable":true,"href":"https:\/\/www.rgequip.com\/index.php?rest_route=%2Fwp%2Fv2%2Fproduct_cat&post=13351"},{"taxonomy":"product_tag","embeddable":true,"href":"https:\/\/www.rgequip.com\/index.php?rest_route=%2Fwp%2Fv2%2Fproduct_tag&post=13351"}],"curies":[{"name":"wp","href":"https:\/\/api.w.org\/{rel}","templated":true}]}}