{"id":13346,"date":"2019-11-26T13:19:01","date_gmt":"2019-11-26T12:19:01","guid":{"rendered":"https:\/\/www.rgequip.com\/?post_type=product&#038;p=13346"},"modified":"2019-11-26T13:19:01","modified_gmt":"2019-11-26T12:19:01","slug":"scie-a-os-en-acier-inoxydable-2020236290","status":"publish","type":"product","link":"https:\/\/www.rgequip.com\/?product=scie-a-os-en-acier-inoxydable-2020236290","title":{"rendered":"Scie A Os En Acier Inoxydable 2020*236*290"},"content":{"rendered":"<p>Fabrication en acier inox AISI 304.<br \/>\nPoulies calibr\u00e9es fabriqu\u00e9es en aluminium brillant avec des Coussinets herm\u00e9tiques sur poulie sup\u00e9rieure.<br \/>\nMoteurs asynchrones et ventil\u00e9s puissants prot\u00e9g\u00e9 par un d\u00e9flecteur d&#8217;huile d&#8217;\u00e9tanch\u00e9it\u00e9.<br \/>\nCommande 24 V avec micro-interrupteur de s\u00fbret\u00e9 sur la porte et le tiroir, centrale de contr\u00f4le redondante et frein moteur (CE).<br \/>\nEnsuite il poss\u00e8de un d\u00e9blocage rapide de la poulie sup\u00e9rieure pour faciliter le nettoyage et le changement de lame.<br \/>\nDe m\u00eame ses Racleurs sont facilement amovibles et rempla\u00e7ables.<br \/>\nMoteurs monophas\u00e9s avec protection thermique de s\u00e9rie.<br \/>\nLavables au jet d&#8217;eau (\u00e0 basse pression).<br \/>\nCommandes en acier inox IP 67.<br \/>\nElles utilisent des lames tremp\u00e9es de 16 mm pour couper les os, produits congel\u00e9s et frais.<\/p>\n","protected":false},"excerpt":{"rendered":"<p>Fabrication en acier inox AISI 304. Poulies calibr\u00e9es fabriqu\u00e9es en aluminium brillant avec des Coussinets herm\u00e9tiques sur poulie sup\u00e9rieure. Moteurs<\/p>\n","protected":false},"featured_media":13345,"comment_status":"open","ping_status":"closed","template":"","meta":[],"product_brand":[],"product_cat":[337,362,342],"product_tag":[],"class_list":{"0":"post-13346","1":"product","2":"type-product","3":"status-publish","4":"has-post-thumbnail","6":"product_cat-preparation","7":"product_cat-scie-a-os","8":"product_cat-travail-de-la-viande","10":"first","11":"instock","12":"shipping-taxable","13":"product-type-simple"},"_links":{"self":[{"href":"https:\/\/www.rgequip.com\/index.php?rest_route=\/wp\/v2\/product\/13346","targetHints":{"allow":["GET"]}}],"collection":[{"href":"https:\/\/www.rgequip.com\/index.php?rest_route=\/wp\/v2\/product"}],"about":[{"href":"https:\/\/www.rgequip.com\/index.php?rest_route=\/wp\/v2\/types\/product"}],"replies":[{"embeddable":true,"href":"https:\/\/www.rgequip.com\/index.php?rest_route=%2Fwp%2Fv2%2Fcomments&post=13346"}],"version-history":[{"count":0,"href":"https:\/\/www.rgequip.com\/index.php?rest_route=\/wp\/v2\/product\/13346\/revisions"}],"wp:featuredmedia":[{"embeddable":true,"href":"https:\/\/www.rgequip.com\/index.php?rest_route=\/wp\/v2\/media\/13345"}],"wp:attachment":[{"href":"https:\/\/www.rgequip.com\/index.php?rest_route=%2Fwp%2Fv2%2Fmedia&parent=13346"}],"wp:term":[{"taxonomy":"product_brand","embeddable":true,"href":"https:\/\/www.rgequip.com\/index.php?rest_route=%2Fwp%2Fv2%2Fproduct_brand&post=13346"},{"taxonomy":"product_cat","embeddable":true,"href":"https:\/\/www.rgequip.com\/index.php?rest_route=%2Fwp%2Fv2%2Fproduct_cat&post=13346"},{"taxonomy":"product_tag","embeddable":true,"href":"https:\/\/www.rgequip.com\/index.php?rest_route=%2Fwp%2Fv2%2Fproduct_tag&post=13346"}],"curies":[{"name":"wp","href":"https:\/\/api.w.org\/{rel}","templated":true}]}}