{"id":11631,"date":"2019-10-21T14:11:19","date_gmt":"2019-10-21T12:11:19","guid":{"rendered":"https:\/\/www.rgequip.com\/?post_type=product&#038;p=11631"},"modified":"2019-10-21T18:09:08","modified_gmt":"2019-10-21T16:09:08","slug":"bac-a-couverts-06-compartiments","status":"publish","type":"product","link":"https:\/\/www.rgequip.com\/?product=bac-a-couverts-06-compartiments","title":{"rendered":"Bac \u00e0 couverts 06 compartiments"},"content":{"rendered":"<p><strong>Bac \u00e0 couvert 6 compartiments<\/strong><\/p>\n<p>6 compartiments Convient aussi pour cuill\u00e8res \u00e0 caf\u00e9, cuill\u00e8res \u00e0 th\u00e9 et fourchettes \u00e0 dessert GN 1\/1<br \/>\n530x325x(H)100 mm<br \/>\ngris couleur<\/p>\n","protected":false},"excerpt":{"rendered":"<p>Bac \u00e0 couvert 6 compartiments 6 compartiments Convient aussi pour cuill\u00e8res \u00e0 caf\u00e9, cuill\u00e8res \u00e0 th\u00e9 et fourchettes \u00e0 dessert<\/p>\n","protected":false},"featured_media":11648,"comment_status":"open","ping_status":"closed","template":"","meta":[],"product_brand":[],"product_cat":[392,398,393],"product_tag":[],"class_list":{"0":"post-11631","1":"product","2":"type-product","3":"status-publish","4":"has-post-thumbnail","6":"product_cat-laverie-hygiene","7":"product_cat-casier-de-lavage","8":"product_cat-lavage","10":"first","11":"instock","12":"shipping-taxable","13":"product-type-simple"},"_links":{"self":[{"href":"https:\/\/www.rgequip.com\/index.php?rest_route=\/wp\/v2\/product\/11631","targetHints":{"allow":["GET"]}}],"collection":[{"href":"https:\/\/www.rgequip.com\/index.php?rest_route=\/wp\/v2\/product"}],"about":[{"href":"https:\/\/www.rgequip.com\/index.php?rest_route=\/wp\/v2\/types\/product"}],"replies":[{"embeddable":true,"href":"https:\/\/www.rgequip.com\/index.php?rest_route=%2Fwp%2Fv2%2Fcomments&post=11631"}],"version-history":[{"count":0,"href":"https:\/\/www.rgequip.com\/index.php?rest_route=\/wp\/v2\/product\/11631\/revisions"}],"wp:featuredmedia":[{"embeddable":true,"href":"https:\/\/www.rgequip.com\/index.php?rest_route=\/wp\/v2\/media\/11648"}],"wp:attachment":[{"href":"https:\/\/www.rgequip.com\/index.php?rest_route=%2Fwp%2Fv2%2Fmedia&parent=11631"}],"wp:term":[{"taxonomy":"product_brand","embeddable":true,"href":"https:\/\/www.rgequip.com\/index.php?rest_route=%2Fwp%2Fv2%2Fproduct_brand&post=11631"},{"taxonomy":"product_cat","embeddable":true,"href":"https:\/\/www.rgequip.com\/index.php?rest_route=%2Fwp%2Fv2%2Fproduct_cat&post=11631"},{"taxonomy":"product_tag","embeddable":true,"href":"https:\/\/www.rgequip.com\/index.php?rest_route=%2Fwp%2Fv2%2Fproduct_tag&post=11631"}],"curies":[{"name":"wp","href":"https:\/\/api.w.org\/{rel}","templated":true}]}}