{"id":11619,"date":"2019-10-21T12:44:51","date_gmt":"2019-10-21T10:44:51","guid":{"rendered":"https:\/\/www.rgequip.com\/?post_type=product&#038;p=11619"},"modified":"2019-10-21T17:47:42","modified_gmt":"2019-10-21T15:47:42","slug":"moufle-en-coton-430-mm","status":"publish","type":"product","link":"https:\/\/www.rgequip.com\/?product=moufle-en-coton-430-mm","title":{"rendered":"Moufle En Coton 430 mm"},"content":{"rendered":"<p>Moufles de protection certifi\u00e9s. R\u00e9pondent aux normes CE stipul\u00e9 dans la Directive 89\/686\/CEE relative aux \u00e9quipements de protection individuelles. Extra longue afin de proteger l&#8217;avant-bras<\/p>\n","protected":false},"excerpt":{"rendered":"<p>Moufles de protection certifi\u00e9s. R\u00e9pondent aux normes CE stipul\u00e9 dans la Directive 89\/686\/CEE relative aux \u00e9quipements de protection individuelles. Extra<\/p>\n","protected":false},"featured_media":11645,"comment_status":"open","ping_status":"closed","template":"","meta":[],"product_brand":[],"product_cat":[337,340,355],"product_tag":[],"class_list":{"0":"post-11619","1":"product","2":"type-product","3":"status-publish","4":"has-post-thumbnail","6":"product_cat-preparation","7":"product_cat-accessoires-preparation","8":"product_cat-ustensils","10":"first","11":"instock","12":"shipping-taxable","13":"product-type-simple"},"_links":{"self":[{"href":"https:\/\/www.rgequip.com\/index.php?rest_route=\/wp\/v2\/product\/11619","targetHints":{"allow":["GET"]}}],"collection":[{"href":"https:\/\/www.rgequip.com\/index.php?rest_route=\/wp\/v2\/product"}],"about":[{"href":"https:\/\/www.rgequip.com\/index.php?rest_route=\/wp\/v2\/types\/product"}],"replies":[{"embeddable":true,"href":"https:\/\/www.rgequip.com\/index.php?rest_route=%2Fwp%2Fv2%2Fcomments&post=11619"}],"version-history":[{"count":1,"href":"https:\/\/www.rgequip.com\/index.php?rest_route=\/wp\/v2\/product\/11619\/revisions"}],"predecessor-version":[{"id":11621,"href":"https:\/\/www.rgequip.com\/index.php?rest_route=\/wp\/v2\/product\/11619\/revisions\/11621"}],"wp:featuredmedia":[{"embeddable":true,"href":"https:\/\/www.rgequip.com\/index.php?rest_route=\/wp\/v2\/media\/11645"}],"wp:attachment":[{"href":"https:\/\/www.rgequip.com\/index.php?rest_route=%2Fwp%2Fv2%2Fmedia&parent=11619"}],"wp:term":[{"taxonomy":"product_brand","embeddable":true,"href":"https:\/\/www.rgequip.com\/index.php?rest_route=%2Fwp%2Fv2%2Fproduct_brand&post=11619"},{"taxonomy":"product_cat","embeddable":true,"href":"https:\/\/www.rgequip.com\/index.php?rest_route=%2Fwp%2Fv2%2Fproduct_cat&post=11619"},{"taxonomy":"product_tag","embeddable":true,"href":"https:\/\/www.rgequip.com\/index.php?rest_route=%2Fwp%2Fv2%2Fproduct_tag&post=11619"}],"curies":[{"name":"wp","href":"https:\/\/api.w.org\/{rel}","templated":true}]}}