{"id":11611,"date":"2019-10-21T12:31:36","date_gmt":"2019-10-21T10:31:36","guid":{"rendered":"https:\/\/www.rgequip.com\/?post_type=product&#038;p=11611"},"modified":"2019-10-21T12:31:36","modified_gmt":"2019-10-21T10:31:36","slug":"moufle-a-four-resistant-a-la-chaleur-350c","status":"publish","type":"product","link":"https:\/\/www.rgequip.com\/?product=moufle-a-four-resistant-a-la-chaleur-350c","title":{"rendered":"Moufle \u00e0 Four R\u00e9sistant a la chaleur 350\u00b0C"},"content":{"rendered":"<p>Moufles de protection certifi\u00e9s. R\u00e9pondent aux normes CE stipul\u00e9 dans la Directive 89\/686\/CEE relative aux \u00e9quipements de protection individuelles. R\u00e9siste \u00e0 la chaleur jusqu&#8217;\u00e0 250\u00b0C.<\/p>\n","protected":false},"excerpt":{"rendered":"<p>Moufles de protection certifi\u00e9s. R\u00e9pondent aux normes CE stipul\u00e9 dans la Directive 89\/686\/CEE relative aux \u00e9quipements de protection individuelles. R\u00e9siste<\/p>\n","protected":false},"featured_media":11612,"comment_status":"open","ping_status":"closed","template":"","meta":[],"product_brand":[],"product_cat":[337,340,355],"product_tag":[],"class_list":{"0":"post-11611","1":"product","2":"type-product","3":"status-publish","4":"has-post-thumbnail","6":"product_cat-preparation","7":"product_cat-accessoires-preparation","8":"product_cat-ustensils","10":"first","11":"instock","12":"shipping-taxable","13":"product-type-simple"},"_links":{"self":[{"href":"https:\/\/www.rgequip.com\/index.php?rest_route=\/wp\/v2\/product\/11611","targetHints":{"allow":["GET"]}}],"collection":[{"href":"https:\/\/www.rgequip.com\/index.php?rest_route=\/wp\/v2\/product"}],"about":[{"href":"https:\/\/www.rgequip.com\/index.php?rest_route=\/wp\/v2\/types\/product"}],"replies":[{"embeddable":true,"href":"https:\/\/www.rgequip.com\/index.php?rest_route=%2Fwp%2Fv2%2Fcomments&post=11611"}],"version-history":[{"count":0,"href":"https:\/\/www.rgequip.com\/index.php?rest_route=\/wp\/v2\/product\/11611\/revisions"}],"wp:featuredmedia":[{"embeddable":true,"href":"https:\/\/www.rgequip.com\/index.php?rest_route=\/wp\/v2\/media\/11612"}],"wp:attachment":[{"href":"https:\/\/www.rgequip.com\/index.php?rest_route=%2Fwp%2Fv2%2Fmedia&parent=11611"}],"wp:term":[{"taxonomy":"product_brand","embeddable":true,"href":"https:\/\/www.rgequip.com\/index.php?rest_route=%2Fwp%2Fv2%2Fproduct_brand&post=11611"},{"taxonomy":"product_cat","embeddable":true,"href":"https:\/\/www.rgequip.com\/index.php?rest_route=%2Fwp%2Fv2%2Fproduct_cat&post=11611"},{"taxonomy":"product_tag","embeddable":true,"href":"https:\/\/www.rgequip.com\/index.php?rest_route=%2Fwp%2Fv2%2Fproduct_tag&post=11611"}],"curies":[{"name":"wp","href":"https:\/\/api.w.org\/{rel}","templated":true}]}}