{"id":11609,"date":"2019-10-21T12:27:03","date_gmt":"2019-10-21T10:27:03","guid":{"rendered":"https:\/\/www.rgequip.com\/?post_type=product&#038;p=11609"},"modified":"2019-10-21T12:27:04","modified_gmt":"2019-10-21T10:27:04","slug":"malette-de-couteaux","status":"publish","type":"product","link":"https:\/\/www.rgequip.com\/?product=malette-de-couteaux","title":{"rendered":"Malette de Couteaux"},"content":{"rendered":"<p>Fait en une pi\u00e8ce d&#8217;acier inoxydable dur 3CR14 Manche fait en acier inoxydable 430 avec couche antid\u00e9rapant en caoutchouc Gr\u00e2ce \u00e0 la qualit\u00e9 du savoir-faire de la fabrication, les couteaux sont solides et r\u00e9sistants \u00e0 la corrosion avec un lame tranchant durable. Avec manche profil\u00e9 et s\u00e9curis\u00e9. Le set comprend: 1 &#8211; Fourchette \u00e0 d\u00e9couper 320 mm 2 &#8211; Fusil 340 mm 3 &#8211; Couteau Santoku 336 mm 4 &#8211; Couteau chef 370 mm 5 &#8211; Couteau chef 330 mm 6 &#8211; Couteau \u00e0 d\u00e9couper 331 mm 7 &#8211; Couteau \u00e0 pain 333 mm 8 &#8211; Couteau \u00e0 d\u00e9sosser 285 mm 9 &#8211; Couteau d&#8217;office 193 mm 10 &#8211; Mallette pratique<\/p>\n","protected":false},"excerpt":{"rendered":"<p>Fait en une pi\u00e8ce d&#8217;acier inoxydable dur 3CR14 Manche fait en acier inoxydable 430 avec couche antid\u00e9rapant en caoutchouc Gr\u00e2ce<\/p>\n","protected":false},"featured_media":11610,"comment_status":"open","ping_status":"closed","template":"","meta":[],"product_brand":[],"product_cat":[337,340,355],"product_tag":[],"class_list":{"0":"post-11609","1":"product","2":"type-product","3":"status-publish","4":"has-post-thumbnail","6":"product_cat-preparation","7":"product_cat-accessoires-preparation","8":"product_cat-ustensils","10":"first","11":"instock","12":"shipping-taxable","13":"product-type-simple"},"_links":{"self":[{"href":"https:\/\/www.rgequip.com\/index.php?rest_route=\/wp\/v2\/product\/11609","targetHints":{"allow":["GET"]}}],"collection":[{"href":"https:\/\/www.rgequip.com\/index.php?rest_route=\/wp\/v2\/product"}],"about":[{"href":"https:\/\/www.rgequip.com\/index.php?rest_route=\/wp\/v2\/types\/product"}],"replies":[{"embeddable":true,"href":"https:\/\/www.rgequip.com\/index.php?rest_route=%2Fwp%2Fv2%2Fcomments&post=11609"}],"version-history":[{"count":0,"href":"https:\/\/www.rgequip.com\/index.php?rest_route=\/wp\/v2\/product\/11609\/revisions"}],"wp:featuredmedia":[{"embeddable":true,"href":"https:\/\/www.rgequip.com\/index.php?rest_route=\/wp\/v2\/media\/11610"}],"wp:attachment":[{"href":"https:\/\/www.rgequip.com\/index.php?rest_route=%2Fwp%2Fv2%2Fmedia&parent=11609"}],"wp:term":[{"taxonomy":"product_brand","embeddable":true,"href":"https:\/\/www.rgequip.com\/index.php?rest_route=%2Fwp%2Fv2%2Fproduct_brand&post=11609"},{"taxonomy":"product_cat","embeddable":true,"href":"https:\/\/www.rgequip.com\/index.php?rest_route=%2Fwp%2Fv2%2Fproduct_cat&post=11609"},{"taxonomy":"product_tag","embeddable":true,"href":"https:\/\/www.rgequip.com\/index.php?rest_route=%2Fwp%2Fv2%2Fproduct_tag&post=11609"}],"curies":[{"name":"wp","href":"https:\/\/api.w.org\/{rel}","templated":true}]}}