{"id":11596,"date":"2019-10-21T11:36:13","date_gmt":"2019-10-21T09:36:13","guid":{"rendered":"https:\/\/www.rgequip.com\/?post_type=product&#038;p=11596"},"modified":"2019-10-21T11:36:13","modified_gmt":"2019-10-21T09:36:13","slug":"ramequin-en-porcelaine-909048","status":"publish","type":"product","link":"https:\/\/www.rgequip.com\/?product=ramequin-en-porcelaine-909048","title":{"rendered":"RAMEQUIN EN PORCELAINE 90*90*48"},"content":{"rendered":"<p>RAMEQUIN<\/p>\n<p>&#8211; La porcelaine est la plus dure et r\u00e9sistante disponible du march\u00e9.<br \/>\n&#8211; R\u00e9siste contre les grandes diff\u00e9rences de temp\u00e9rature.<br \/>\n&#8211; Tr\u00e8s r\u00e9sistante contre les chocs et l&#8217;usure, mais avec un poids relativement l\u00e9ger.<br \/>\n&#8211; Blanc pure et \u00e9clatant.<br \/>\n&#8211; Rainur\u00e9<\/p>\n","protected":false},"excerpt":{"rendered":"<p>RAMEQUIN &#8211; La porcelaine est la plus dure et r\u00e9sistante disponible du march\u00e9. &#8211; R\u00e9siste contre les grandes diff\u00e9rences de<\/p>\n","protected":false},"featured_media":11597,"comment_status":"open","ping_status":"closed","template":"","meta":[],"product_brand":[],"product_cat":[369,374],"product_tag":[],"class_list":{"0":"post-11596","1":"product","2":"type-product","3":"status-publish","4":"has-post-thumbnail","6":"product_cat-boulangerie","7":"product_cat-autres","9":"first","10":"instock","11":"shipping-taxable","12":"product-type-simple"},"_links":{"self":[{"href":"https:\/\/www.rgequip.com\/index.php?rest_route=\/wp\/v2\/product\/11596","targetHints":{"allow":["GET"]}}],"collection":[{"href":"https:\/\/www.rgequip.com\/index.php?rest_route=\/wp\/v2\/product"}],"about":[{"href":"https:\/\/www.rgequip.com\/index.php?rest_route=\/wp\/v2\/types\/product"}],"replies":[{"embeddable":true,"href":"https:\/\/www.rgequip.com\/index.php?rest_route=%2Fwp%2Fv2%2Fcomments&post=11596"}],"version-history":[{"count":0,"href":"https:\/\/www.rgequip.com\/index.php?rest_route=\/wp\/v2\/product\/11596\/revisions"}],"wp:featuredmedia":[{"embeddable":true,"href":"https:\/\/www.rgequip.com\/index.php?rest_route=\/wp\/v2\/media\/11597"}],"wp:attachment":[{"href":"https:\/\/www.rgequip.com\/index.php?rest_route=%2Fwp%2Fv2%2Fmedia&parent=11596"}],"wp:term":[{"taxonomy":"product_brand","embeddable":true,"href":"https:\/\/www.rgequip.com\/index.php?rest_route=%2Fwp%2Fv2%2Fproduct_brand&post=11596"},{"taxonomy":"product_cat","embeddable":true,"href":"https:\/\/www.rgequip.com\/index.php?rest_route=%2Fwp%2Fv2%2Fproduct_cat&post=11596"},{"taxonomy":"product_tag","embeddable":true,"href":"https:\/\/www.rgequip.com\/index.php?rest_route=%2Fwp%2Fv2%2Fproduct_tag&post=11596"}],"curies":[{"name":"wp","href":"https:\/\/api.w.org\/{rel}","templated":true}]}}