{"id":11591,"date":"2019-10-21T11:30:12","date_gmt":"2019-10-21T09:30:12","guid":{"rendered":"https:\/\/www.rgequip.com\/?post_type=product&#038;p=11591"},"modified":"2019-10-21T11:30:12","modified_gmt":"2019-10-21T09:30:12","slug":"coupe-pate-en-acier-inoxydable","status":"publish","type":"product","link":"https:\/\/www.rgequip.com\/?product=coupe-pate-en-acier-inoxydable","title":{"rendered":"COUPE P\u00c2TE EN ACIER INOXYDABLE"},"content":{"rendered":"<p>COUPE-P\u00c2TE<\/p>\n<p>&#8211; Premi\u00e8rement est En acier inoxydable<br \/>\nDe plus le manche est Manche en polypropyl\u00e8ne<br \/>\n&#8211; Pour faciliter la d\u00e9coupe des p\u00e2tes<\/p>\n","protected":false},"excerpt":{"rendered":"<p>COUPE-P\u00c2TE &#8211; Premi\u00e8rement est En acier inoxydable De plus le manche est Manche en polypropyl\u00e8ne &#8211; Pour faciliter la d\u00e9coupe<\/p>\n","protected":false},"featured_media":11592,"comment_status":"open","ping_status":"closed","template":"","meta":[],"product_brand":[],"product_cat":[369,374],"product_tag":[],"class_list":{"0":"post-11591","1":"product","2":"type-product","3":"status-publish","4":"has-post-thumbnail","6":"product_cat-boulangerie","7":"product_cat-autres","9":"first","10":"instock","11":"shipping-taxable","12":"product-type-simple"},"_links":{"self":[{"href":"https:\/\/www.rgequip.com\/index.php?rest_route=\/wp\/v2\/product\/11591","targetHints":{"allow":["GET"]}}],"collection":[{"href":"https:\/\/www.rgequip.com\/index.php?rest_route=\/wp\/v2\/product"}],"about":[{"href":"https:\/\/www.rgequip.com\/index.php?rest_route=\/wp\/v2\/types\/product"}],"replies":[{"embeddable":true,"href":"https:\/\/www.rgequip.com\/index.php?rest_route=%2Fwp%2Fv2%2Fcomments&post=11591"}],"version-history":[{"count":0,"href":"https:\/\/www.rgequip.com\/index.php?rest_route=\/wp\/v2\/product\/11591\/revisions"}],"wp:featuredmedia":[{"embeddable":true,"href":"https:\/\/www.rgequip.com\/index.php?rest_route=\/wp\/v2\/media\/11592"}],"wp:attachment":[{"href":"https:\/\/www.rgequip.com\/index.php?rest_route=%2Fwp%2Fv2%2Fmedia&parent=11591"}],"wp:term":[{"taxonomy":"product_brand","embeddable":true,"href":"https:\/\/www.rgequip.com\/index.php?rest_route=%2Fwp%2Fv2%2Fproduct_brand&post=11591"},{"taxonomy":"product_cat","embeddable":true,"href":"https:\/\/www.rgequip.com\/index.php?rest_route=%2Fwp%2Fv2%2Fproduct_cat&post=11591"},{"taxonomy":"product_tag","embeddable":true,"href":"https:\/\/www.rgequip.com\/index.php?rest_route=%2Fwp%2Fv2%2Fproduct_tag&post=11591"}],"curies":[{"name":"wp","href":"https:\/\/api.w.org\/{rel}","templated":true}]}}