{"id":11581,"date":"2019-10-21T11:10:02","date_gmt":"2019-10-21T09:10:02","guid":{"rendered":"https:\/\/www.rgequip.com\/?post_type=product&#038;p=11581"},"modified":"2019-10-21T11:10:02","modified_gmt":"2019-10-21T09:10:02","slug":"chinois-en-maille-avec-manche-filiforme","status":"publish","type":"product","link":"https:\/\/www.rgequip.com\/?product=chinois-en-maille-avec-manche-filiforme","title":{"rendered":"Chinois en maille avec manche filiforme"},"content":{"rendered":"<p>Con\u00e7u pour un usage intensif en cuisine et en p\u00e2tisserie, id\u00e9al pour faire de la gel\u00e9e, de la cr\u00e8me anglaise\u2026<br \/>\nTotalement en acier inoxydable AISI 304 : ind\u00e9formable et extr\u00eamement robuste.<br \/>\nMicro-perforations \u00d8 0.8mm : chinois aussi efficace qu\u2019un chinois-\u00e9tamine classique, pour une filtration fine.<br \/>\nDispose d\u2019une queue inox soud\u00e9e, incurv\u00e9e et impliable, qui permet une pr\u00e9hension ergonomique et qui facilite le rangement de l\u2019ustensile gr\u00e2ce \u00e0 un trou d\u2019accrochage.<br \/>\nPoss\u00e8de 1 crochet inox soud\u00e9s : permettent de placer le chinois dans un r\u00e9cipient sans renverser la pr\u00e9paration gr\u00e2ce \u00e0 une tr\u00e8s bonne stabilit\u00e9 ; facilitent le travail du chef qui a ainsi les mains libres.<br \/>\nHygi\u00e9nique, entretien facile.<br \/>\nEntretien : passe au lave-vaisselle.<\/p>\n","protected":false},"excerpt":{"rendered":"<p>Con\u00e7u pour un usage intensif en cuisine et en p\u00e2tisserie, id\u00e9al pour faire de la gel\u00e9e, de la cr\u00e8me anglaise\u2026<\/p>\n","protected":false},"featured_media":11582,"comment_status":"open","ping_status":"closed","template":"","meta":[],"product_brand":[],"product_cat":[369,374,406],"product_tag":[],"class_list":{"0":"post-11581","1":"product","2":"type-product","3":"status-publish","4":"has-post-thumbnail","6":"product_cat-boulangerie","7":"product_cat-autres","8":"product_cat-autres-inox","10":"first","11":"instock","12":"shipping-taxable","13":"product-type-simple"},"_links":{"self":[{"href":"https:\/\/www.rgequip.com\/index.php?rest_route=\/wp\/v2\/product\/11581","targetHints":{"allow":["GET"]}}],"collection":[{"href":"https:\/\/www.rgequip.com\/index.php?rest_route=\/wp\/v2\/product"}],"about":[{"href":"https:\/\/www.rgequip.com\/index.php?rest_route=\/wp\/v2\/types\/product"}],"replies":[{"embeddable":true,"href":"https:\/\/www.rgequip.com\/index.php?rest_route=%2Fwp%2Fv2%2Fcomments&post=11581"}],"version-history":[{"count":0,"href":"https:\/\/www.rgequip.com\/index.php?rest_route=\/wp\/v2\/product\/11581\/revisions"}],"wp:featuredmedia":[{"embeddable":true,"href":"https:\/\/www.rgequip.com\/index.php?rest_route=\/wp\/v2\/media\/11582"}],"wp:attachment":[{"href":"https:\/\/www.rgequip.com\/index.php?rest_route=%2Fwp%2Fv2%2Fmedia&parent=11581"}],"wp:term":[{"taxonomy":"product_brand","embeddable":true,"href":"https:\/\/www.rgequip.com\/index.php?rest_route=%2Fwp%2Fv2%2Fproduct_brand&post=11581"},{"taxonomy":"product_cat","embeddable":true,"href":"https:\/\/www.rgequip.com\/index.php?rest_route=%2Fwp%2Fv2%2Fproduct_cat&post=11581"},{"taxonomy":"product_tag","embeddable":true,"href":"https:\/\/www.rgequip.com\/index.php?rest_route=%2Fwp%2Fv2%2Fproduct_tag&post=11581"}],"curies":[{"name":"wp","href":"https:\/\/api.w.org\/{rel}","templated":true}]}}