{"id":11438,"date":"2019-10-18T12:27:54","date_gmt":"2019-10-18T10:27:54","guid":{"rendered":"https:\/\/www.rgequip.com\/?post_type=product&#038;p=11438"},"modified":"2019-10-18T12:27:55","modified_gmt":"2019-10-18T10:27:55","slug":"armoire-refrigeree-positive-02-portes-vitrees","status":"publish","type":"product","link":"https:\/\/www.rgequip.com\/?product=armoire-refrigeree-positive-02-portes-vitrees","title":{"rendered":"Armoire R\u00e9frig\u00e9r\u00e9e Positive 02 Portes Vitr\u00e9es"},"content":{"rendered":"<ul>\n<li>Cette\u00a0<a href=\"https:\/\/oztiryakiler.com.tr\/products\/detail\/71888\" target=\"_blank\">armoire n\u00e9gative<\/a>\u00a0est un cong\u00e9lateur de taille GN 2\/1 avec double porte<\/li>\n<li>Panneau de commande num\u00e9rique HACCP<\/li>\n<li>Cette\u00a0<a href=\"https:\/\/www.rgequip.com\/product-category\/froids\/armoires\/\">armoire<\/a>\u00a0n\u00e9gative est en acier inoxydable de qualit\u00e9 304<\/li>\n<li>Temp\u00e9rature de fonctionnement -5 \/ -22 \u00b0 C<\/li>\n<li>Condenseur sans nettoyage<\/li>\n<li>Augmentation minimale de la temp\u00e9rature interne maximale pendant le d\u00e9givrage.<\/li>\n<li>R\u00e9partition de l\u2019air la plus efficace \u00e0 l\u2019int\u00e9rieur avec un canal d\u2019air sp\u00e9cialement con\u00e7u.<\/li>\n<li>Les doublures int\u00e9rieures et la base inf\u00e9rieure int\u00e9rieure embouties respectent les normes d\u2019hygi\u00e8ne les plus strictes avec des angles arrondis . De m\u00eame, sont fabriqu\u00e9es en acier inoxydable.<\/li>\n<li>Aussi, une conception monobloc<\/li>\n<li>De m\u00eame, Interrupteur de coupure automatique du ventilateur et lampe \u00e0 DEL interne<\/li>\n<li>Large joint amovible magn\u00e9tique avec une zone \u00e0 triple induction fournit une \u00e9tanch\u00e9it\u00e9 efficace qui r\u00e9duit les pertes de chaleur.<\/li>\n<\/ul>\n","protected":false},"excerpt":{"rendered":"<p>Cette\u00a0armoire n\u00e9gative\u00a0est un cong\u00e9lateur de taille GN 2\/1 avec double porte Panneau de commande num\u00e9rique HACCP Cette\u00a0armoire\u00a0n\u00e9gative est en acier<\/p>\n","protected":false},"featured_media":11439,"comment_status":"open","ping_status":"closed","template":"","meta":[],"product_brand":[],"product_cat":[268,278,269],"product_tag":[],"class_list":{"0":"post-11438","1":"product","2":"type-product","3":"status-publish","4":"has-post-thumbnail","6":"product_cat-froids","7":"product_cat-a-positives","8":"product_cat-armoires","10":"first","11":"instock","12":"shipping-taxable","13":"product-type-simple"},"_links":{"self":[{"href":"https:\/\/www.rgequip.com\/index.php?rest_route=\/wp\/v2\/product\/11438","targetHints":{"allow":["GET"]}}],"collection":[{"href":"https:\/\/www.rgequip.com\/index.php?rest_route=\/wp\/v2\/product"}],"about":[{"href":"https:\/\/www.rgequip.com\/index.php?rest_route=\/wp\/v2\/types\/product"}],"replies":[{"embeddable":true,"href":"https:\/\/www.rgequip.com\/index.php?rest_route=%2Fwp%2Fv2%2Fcomments&post=11438"}],"version-history":[{"count":0,"href":"https:\/\/www.rgequip.com\/index.php?rest_route=\/wp\/v2\/product\/11438\/revisions"}],"wp:featuredmedia":[{"embeddable":true,"href":"https:\/\/www.rgequip.com\/index.php?rest_route=\/wp\/v2\/media\/11439"}],"wp:attachment":[{"href":"https:\/\/www.rgequip.com\/index.php?rest_route=%2Fwp%2Fv2%2Fmedia&parent=11438"}],"wp:term":[{"taxonomy":"product_brand","embeddable":true,"href":"https:\/\/www.rgequip.com\/index.php?rest_route=%2Fwp%2Fv2%2Fproduct_brand&post=11438"},{"taxonomy":"product_cat","embeddable":true,"href":"https:\/\/www.rgequip.com\/index.php?rest_route=%2Fwp%2Fv2%2Fproduct_cat&post=11438"},{"taxonomy":"product_tag","embeddable":true,"href":"https:\/\/www.rgequip.com\/index.php?rest_route=%2Fwp%2Fv2%2Fproduct_tag&post=11438"}],"curies":[{"name":"wp","href":"https:\/\/api.w.org\/{rel}","templated":true}]}}