{"id":11427,"date":"2019-10-18T11:57:25","date_gmt":"2019-10-18T09:57:25","guid":{"rendered":"https:\/\/www.rgequip.com\/?post_type=product&#038;p=11427"},"modified":"2020-07-07T15:05:26","modified_gmt":"2020-07-07T13:05:26","slug":"stockage-a-glacon-550-kg","status":"publish","type":"product","link":"https:\/\/www.rgequip.com\/?product=stockage-a-glacon-550-kg","title":{"rendered":"Stockage A Gla\u00e7on 550 Kg"},"content":{"rendered":"<p><span class=\"fontstyle0\">Mod\u00e8les ESP: producteurs modulaires de glace \u00e0<br \/>\n\u00e9cailles plates sous-refroidies, adapte aux industries<br \/>\nde poisson, boulangeries, chimiques, etc. La<br \/>\ntemp\u00e9rature des \u00e9cailles est entre -5\u00b0C et -10\u00b0C.<br \/>\nStructure ext\u00e9rieure en acier inox; mod\u00e8les sans bac<br \/>\nde stockage.<\/span><\/p>\n","protected":false},"excerpt":{"rendered":"<p>Mod\u00e8les ESP: producteurs modulaires de glace \u00e0 \u00e9cailles plates sous-refroidies, adapte aux industries de poisson, boulangeries, chimiques, etc. La temp\u00e9rature<\/p>\n","protected":false},"featured_media":11429,"comment_status":"open","ping_status":"closed","template":"","meta":[],"product_brand":[],"product_cat":[268,275],"product_tag":[],"class_list":{"0":"post-11427","1":"product","2":"type-product","3":"status-publish","4":"has-post-thumbnail","6":"product_cat-froids","7":"product_cat-machine-a-glacon","9":"first","10":"instock","11":"shipping-taxable","12":"product-type-simple"},"_links":{"self":[{"href":"https:\/\/www.rgequip.com\/index.php?rest_route=\/wp\/v2\/product\/11427","targetHints":{"allow":["GET"]}}],"collection":[{"href":"https:\/\/www.rgequip.com\/index.php?rest_route=\/wp\/v2\/product"}],"about":[{"href":"https:\/\/www.rgequip.com\/index.php?rest_route=\/wp\/v2\/types\/product"}],"replies":[{"embeddable":true,"href":"https:\/\/www.rgequip.com\/index.php?rest_route=%2Fwp%2Fv2%2Fcomments&post=11427"}],"version-history":[{"count":1,"href":"https:\/\/www.rgequip.com\/index.php?rest_route=\/wp\/v2\/product\/11427\/revisions"}],"predecessor-version":[{"id":18049,"href":"https:\/\/www.rgequip.com\/index.php?rest_route=\/wp\/v2\/product\/11427\/revisions\/18049"}],"wp:featuredmedia":[{"embeddable":true,"href":"https:\/\/www.rgequip.com\/index.php?rest_route=\/wp\/v2\/media\/11429"}],"wp:attachment":[{"href":"https:\/\/www.rgequip.com\/index.php?rest_route=%2Fwp%2Fv2%2Fmedia&parent=11427"}],"wp:term":[{"taxonomy":"product_brand","embeddable":true,"href":"https:\/\/www.rgequip.com\/index.php?rest_route=%2Fwp%2Fv2%2Fproduct_brand&post=11427"},{"taxonomy":"product_cat","embeddable":true,"href":"https:\/\/www.rgequip.com\/index.php?rest_route=%2Fwp%2Fv2%2Fproduct_cat&post=11427"},{"taxonomy":"product_tag","embeddable":true,"href":"https:\/\/www.rgequip.com\/index.php?rest_route=%2Fwp%2Fv2%2Fproduct_tag&post=11427"}],"curies":[{"name":"wp","href":"https:\/\/api.w.org\/{rel}","templated":true}]}}