{"id":11425,"date":"2019-10-18T11:50:51","date_gmt":"2019-10-18T09:50:51","guid":{"rendered":"https:\/\/www.rgequip.com\/?post_type=product&#038;p=11425"},"modified":"2020-11-06T10:36:17","modified_gmt":"2020-11-06T09:36:17","slug":"machine-a-glacon-en-ecaille-900-kg-24-h","status":"publish","type":"product","link":"https:\/\/www.rgequip.com\/?product=machine-a-glacon-en-ecaille-900-kg-24-h","title":{"rendered":"Pondeuse A Gla\u00e7on En \u00c9caille  900 Kg\/24 H"},"content":{"rendered":"<p><strong>Caract\u00e9ristiques techniques:<\/strong><\/p>\n<ul>\n<li>fabricant de glace en flocons plats avec \u00e9vaporateur horizontal, plan de travail,\u00a0 triphas\u00e9;<\/li>\n<li>id\u00e9al pour industries du poisson, des produits laitiers, des produits chimiques, etc..<\/li>\n<li>recommand\u00e9 pour usage professionnel dans les CE<\/li>\n<li>structure en acier inoxydable;<\/li>\n<li>lorsque le d\u00e9p\u00f4t est plein, la machine s\u2019arr\u00eate automatiquement, tout d\u2019abord en arr\u00eatant le compresseur, puis le r\u00e9ducteur;<\/li>\n<li>transmission directe;<\/li>\n<li>le refroidissement du groupe condenseur a lieu avec le recyclage de l&#8217;air pr\u00e9sent dans l&#8217;environnement de travail. Par cons\u00e9quent, pour des performances optimales, \u00e9vitez de placer la machine dans des environnements o\u00f9 les temp\u00e9ratures ne sont pas adapt\u00e9es au refroidissement;<\/li>\n<\/ul>\n<ul>\n<li>machine certifi\u00e9e selon l&#8217;utilisation professionnelle de la CE;<\/li>\n<li>dimensions ext\u00e9rieures: 110,7x70x88h cm;<\/li>\n<li>poids net: 241 kg;<\/li>\n<li>tension: 400V 3N;<\/li>\n<li>fr\u00e9quence: 50Hz;<\/li>\n<li>consommation d&#8217;\u00e9lectricit\u00e9: 4.6Kw;<\/li>\n<li>temp\u00e9rature de l&#8217;environnement de travail: min.\u00a0+ 10 \u00b0 \/ max + 43 \u00b0 C (performances optimales de + 21 \u00b0 C);<\/li>\n<li>temp\u00e9rature de l&#8217;eau en entr\u00e9e: minimum + 3 \u00b0 \/ maximum + 32 \u00b0 C (performance optimale + 15 \u00b0 C);<\/li>\n<li>\u00e9vacuation de l&#8217;eau: gravit\u00e9 (sans pompe);<\/li>\n<li>type de r\u00e9frig\u00e9rant: R404a;<\/li>\n<li>taille de la glace: flocons plats (voir photo ci-jointe);<\/li>\n<li>capacit\u00e9 du conteneur pour le stockage de la glace:\u00a0\u00a0sans stockage\u00a0\u00a0(\u00e0 combiner avec un conteneur);<\/li>\n<li>production: 900Kg \/ 24h.<\/li>\n<\/ul>\n","protected":false},"excerpt":{"rendered":"<p>Caract\u00e9ristiques techniques: fabricant de glace en flocons plats avec \u00e9vaporateur horizontal, plan de travail,\u00a0 triphas\u00e9; id\u00e9al pour industries du poisson,<\/p>\n","protected":false},"featured_media":11424,"comment_status":"open","ping_status":"closed","template":"","meta":[],"product_brand":[],"product_cat":[268,275],"product_tag":[],"class_list":{"0":"post-11425","1":"product","2":"type-product","3":"status-publish","4":"has-post-thumbnail","6":"product_cat-froids","7":"product_cat-machine-a-glacon","9":"first","10":"instock","11":"shipping-taxable","12":"product-type-simple"},"_links":{"self":[{"href":"https:\/\/www.rgequip.com\/index.php?rest_route=\/wp\/v2\/product\/11425","targetHints":{"allow":["GET"]}}],"collection":[{"href":"https:\/\/www.rgequip.com\/index.php?rest_route=\/wp\/v2\/product"}],"about":[{"href":"https:\/\/www.rgequip.com\/index.php?rest_route=\/wp\/v2\/types\/product"}],"replies":[{"embeddable":true,"href":"https:\/\/www.rgequip.com\/index.php?rest_route=%2Fwp%2Fv2%2Fcomments&post=11425"}],"version-history":[{"count":2,"href":"https:\/\/www.rgequip.com\/index.php?rest_route=\/wp\/v2\/product\/11425\/revisions"}],"predecessor-version":[{"id":18683,"href":"https:\/\/www.rgequip.com\/index.php?rest_route=\/wp\/v2\/product\/11425\/revisions\/18683"}],"wp:featuredmedia":[{"embeddable":true,"href":"https:\/\/www.rgequip.com\/index.php?rest_route=\/wp\/v2\/media\/11424"}],"wp:attachment":[{"href":"https:\/\/www.rgequip.com\/index.php?rest_route=%2Fwp%2Fv2%2Fmedia&parent=11425"}],"wp:term":[{"taxonomy":"product_brand","embeddable":true,"href":"https:\/\/www.rgequip.com\/index.php?rest_route=%2Fwp%2Fv2%2Fproduct_brand&post=11425"},{"taxonomy":"product_cat","embeddable":true,"href":"https:\/\/www.rgequip.com\/index.php?rest_route=%2Fwp%2Fv2%2Fproduct_cat&post=11425"},{"taxonomy":"product_tag","embeddable":true,"href":"https:\/\/www.rgequip.com\/index.php?rest_route=%2Fwp%2Fv2%2Fproduct_tag&post=11425"}],"curies":[{"name":"wp","href":"https:\/\/api.w.org\/{rel}","templated":true}]}}