{"id":11410,"date":"2019-10-18T11:23:55","date_gmt":"2019-10-18T09:23:55","guid":{"rendered":"https:\/\/www.rgequip.com\/?post_type=product&#038;p=11410"},"modified":"2019-10-18T12:21:13","modified_gmt":"2019-10-18T10:21:13","slug":"vitrine-a-creme-glacee-14-bacs","status":"publish","type":"product","link":"https:\/\/www.rgequip.com\/?product=vitrine-a-creme-glacee-14-bacs","title":{"rendered":"Vitrine A Cr\u00e8me Glac\u00e9e 14 Bacs"},"content":{"rendered":"<h3 class=\"product-property-title\">D\u00e9tails Du Produit<\/h3>\n<div id=\"collapse-description\" class=\"desc-collapse showup\">\n<p>Elle permet une Excellente pr\u00e9sentation des vari\u00e9t\u00e9s de cr\u00e8me glac\u00e9e<\/p>\n<p>Tremp\u00e9, facile \u00e0 d\u00e9placer et installer le verre de service<\/p>\n<p>De plus, les Bols \u00e0 glace sont\u00a0 facilement amovibles<\/p>\n<p>Thermom\u00e8tre num\u00e9rique et syst\u00e8me de d\u00e9givrage automatique<\/p>\n<p>Capacit\u00e9\u00a0: 398 litres<\/p>\n<p>Dim\u00a0: 1390 x 1115 x 1210 cm<\/p>\n<p>Energie\u00a0: 6.4 KW\/24H<\/p>\n<p>Voltage\u00a0: 220-240\/50Hz<\/p>\n<p>Temp\u00e9rature\u00a0: -12\/-22\u00b0c<\/p>\n<\/div>\n","protected":false},"excerpt":{"rendered":"<p>D\u00e9tails Du Produit Elle permet une Excellente pr\u00e9sentation des vari\u00e9t\u00e9s de cr\u00e8me glac\u00e9e Tremp\u00e9, facile \u00e0 d\u00e9placer et installer le<\/p>\n","protected":false},"featured_media":11436,"comment_status":"open","ping_status":"closed","template":"","meta":[],"product_brand":[],"product_cat":[268,288,272],"product_tag":[],"class_list":{"0":"post-11410","1":"product","2":"type-product","3":"status-publish","4":"has-post-thumbnail","6":"product_cat-froids","7":"product_cat-v-a-glaces","8":"product_cat-vitrines","10":"first","11":"instock","12":"shipping-taxable","13":"product-type-simple"},"_links":{"self":[{"href":"https:\/\/www.rgequip.com\/index.php?rest_route=\/wp\/v2\/product\/11410","targetHints":{"allow":["GET"]}}],"collection":[{"href":"https:\/\/www.rgequip.com\/index.php?rest_route=\/wp\/v2\/product"}],"about":[{"href":"https:\/\/www.rgequip.com\/index.php?rest_route=\/wp\/v2\/types\/product"}],"replies":[{"embeddable":true,"href":"https:\/\/www.rgequip.com\/index.php?rest_route=%2Fwp%2Fv2%2Fcomments&post=11410"}],"version-history":[{"count":0,"href":"https:\/\/www.rgequip.com\/index.php?rest_route=\/wp\/v2\/product\/11410\/revisions"}],"wp:featuredmedia":[{"embeddable":true,"href":"https:\/\/www.rgequip.com\/index.php?rest_route=\/wp\/v2\/media\/11436"}],"wp:attachment":[{"href":"https:\/\/www.rgequip.com\/index.php?rest_route=%2Fwp%2Fv2%2Fmedia&parent=11410"}],"wp:term":[{"taxonomy":"product_brand","embeddable":true,"href":"https:\/\/www.rgequip.com\/index.php?rest_route=%2Fwp%2Fv2%2Fproduct_brand&post=11410"},{"taxonomy":"product_cat","embeddable":true,"href":"https:\/\/www.rgequip.com\/index.php?rest_route=%2Fwp%2Fv2%2Fproduct_cat&post=11410"},{"taxonomy":"product_tag","embeddable":true,"href":"https:\/\/www.rgequip.com\/index.php?rest_route=%2Fwp%2Fv2%2Fproduct_tag&post=11410"}],"curies":[{"name":"wp","href":"https:\/\/api.w.org\/{rel}","templated":true}]}}