{"id":11406,"date":"2019-10-18T11:14:09","date_gmt":"2019-10-18T09:14:09","guid":{"rendered":"https:\/\/www.rgequip.com\/?post_type=product&#038;p=11406"},"modified":"2019-10-18T12:22:55","modified_gmt":"2019-10-18T10:22:55","slug":"vitrine-a-creme-glacee-05-bacs-avec-vitre-bombee","status":"publish","type":"product","link":"https:\/\/www.rgequip.com\/?product=vitrine-a-creme-glacee-05-bacs-avec-vitre-bombee","title":{"rendered":"Vitrine A Cr\u00e8me Glac\u00e9e 05 Bacs Avec vitre bomb\u00e9e"},"content":{"rendered":"<p><b>Unit\u00e9s d&#8217;affichage cr\u00e8me glac\u00e9e<\/b><\/p>\n<div>Fournit une pr\u00e9sentation parfaite pour les vari\u00e9t\u00e9s de cr\u00e8me glac\u00e9e<\/div>\n<div>Verre de service tremp\u00e9 avec une facilit\u00e9 de mouvement et d&#8217;assemblage<\/div>\n<div>Des coupes \u00e0 glace faciles \u00e0 enlever et \u00e0 remettre en place<\/div>\n","protected":false},"excerpt":{"rendered":"<p>Unit\u00e9s d&#8217;affichage cr\u00e8me glac\u00e9e Fournit une pr\u00e9sentation parfaite pour les vari\u00e9t\u00e9s de cr\u00e8me glac\u00e9e Verre de service tremp\u00e9 avec une<\/p>\n","protected":false},"featured_media":11437,"comment_status":"open","ping_status":"closed","template":"","meta":[],"product_brand":[],"product_cat":[268,288,272],"product_tag":[],"class_list":{"0":"post-11406","1":"product","2":"type-product","3":"status-publish","4":"has-post-thumbnail","6":"product_cat-froids","7":"product_cat-v-a-glaces","8":"product_cat-vitrines","10":"first","11":"instock","12":"shipping-taxable","13":"product-type-simple"},"_links":{"self":[{"href":"https:\/\/www.rgequip.com\/index.php?rest_route=\/wp\/v2\/product\/11406","targetHints":{"allow":["GET"]}}],"collection":[{"href":"https:\/\/www.rgequip.com\/index.php?rest_route=\/wp\/v2\/product"}],"about":[{"href":"https:\/\/www.rgequip.com\/index.php?rest_route=\/wp\/v2\/types\/product"}],"replies":[{"embeddable":true,"href":"https:\/\/www.rgequip.com\/index.php?rest_route=%2Fwp%2Fv2%2Fcomments&post=11406"}],"version-history":[{"count":0,"href":"https:\/\/www.rgequip.com\/index.php?rest_route=\/wp\/v2\/product\/11406\/revisions"}],"wp:featuredmedia":[{"embeddable":true,"href":"https:\/\/www.rgequip.com\/index.php?rest_route=\/wp\/v2\/media\/11437"}],"wp:attachment":[{"href":"https:\/\/www.rgequip.com\/index.php?rest_route=%2Fwp%2Fv2%2Fmedia&parent=11406"}],"wp:term":[{"taxonomy":"product_brand","embeddable":true,"href":"https:\/\/www.rgequip.com\/index.php?rest_route=%2Fwp%2Fv2%2Fproduct_brand&post=11406"},{"taxonomy":"product_cat","embeddable":true,"href":"https:\/\/www.rgequip.com\/index.php?rest_route=%2Fwp%2Fv2%2Fproduct_cat&post=11406"},{"taxonomy":"product_tag","embeddable":true,"href":"https:\/\/www.rgequip.com\/index.php?rest_route=%2Fwp%2Fv2%2Fproduct_tag&post=11406"}],"curies":[{"name":"wp","href":"https:\/\/api.w.org\/{rel}","templated":true}]}}