{"id":11361,"date":"2019-10-17T18:54:40","date_gmt":"2019-10-17T16:54:40","guid":{"rendered":"https:\/\/www.rgequip.com\/?post_type=product&#038;p=11361"},"modified":"2021-06-18T13:24:45","modified_gmt":"2021-06-18T11:24:45","slug":"armoire-refrigeree-pour-boissons-02-porte-vitree-690-l","status":"publish","type":"product","link":"https:\/\/www.rgequip.com\/?product=armoire-refrigeree-pour-boissons-02-porte-vitree-690-l","title":{"rendered":"Frigo \u00e0 boissons 02 porte vitr\u00e9es"},"content":{"rendered":"<p><b>Refroidisseurs de bouteilles \u00e0 deux portes<\/b><\/p>\n<p>Il s&#8217;agit d&#8217;un refroidisseur avec Option auvent \u00e9clair\u00e9<br \/>\nEn plus il poss\u00e8de un \u00c9clairage int\u00e9rieur garantissant une visibilit\u00e9 parfaite du produit<br \/>\nDe m\u00eame, il dispose de portes en verre tremp\u00e9<br \/>\nPieds \u00e0 hauteur r\u00e9glable<br \/>\nOption thermom\u00e8tre analogique ou num\u00e9rique Option de verrouillage de porte<\/p>\n","protected":false},"excerpt":{"rendered":"<p>Refroidisseurs de bouteilles \u00e0 deux portes Il s&#8217;agit d&#8217;un refroidisseur avec Option auvent \u00e9clair\u00e9 En plus il poss\u00e8de un \u00c9clairage<\/p>\n","protected":false},"featured_media":11401,"comment_status":"open","ping_status":"closed","template":"","meta":[],"product_brand":[],"product_cat":[268,269,271],"product_tag":[],"class_list":{"0":"post-11361","1":"product","2":"type-product","3":"status-publish","4":"has-post-thumbnail","6":"product_cat-froids","7":"product_cat-armoires","8":"product_cat-boissons","10":"first","11":"instock","12":"shipping-taxable","13":"product-type-simple"},"_links":{"self":[{"href":"https:\/\/www.rgequip.com\/index.php?rest_route=\/wp\/v2\/product\/11361","targetHints":{"allow":["GET"]}}],"collection":[{"href":"https:\/\/www.rgequip.com\/index.php?rest_route=\/wp\/v2\/product"}],"about":[{"href":"https:\/\/www.rgequip.com\/index.php?rest_route=\/wp\/v2\/types\/product"}],"replies":[{"embeddable":true,"href":"https:\/\/www.rgequip.com\/index.php?rest_route=%2Fwp%2Fv2%2Fcomments&post=11361"}],"version-history":[{"count":0,"href":"https:\/\/www.rgequip.com\/index.php?rest_route=\/wp\/v2\/product\/11361\/revisions"}],"wp:featuredmedia":[{"embeddable":true,"href":"https:\/\/www.rgequip.com\/index.php?rest_route=\/wp\/v2\/media\/11401"}],"wp:attachment":[{"href":"https:\/\/www.rgequip.com\/index.php?rest_route=%2Fwp%2Fv2%2Fmedia&parent=11361"}],"wp:term":[{"taxonomy":"product_brand","embeddable":true,"href":"https:\/\/www.rgequip.com\/index.php?rest_route=%2Fwp%2Fv2%2Fproduct_brand&post=11361"},{"taxonomy":"product_cat","embeddable":true,"href":"https:\/\/www.rgequip.com\/index.php?rest_route=%2Fwp%2Fv2%2Fproduct_cat&post=11361"},{"taxonomy":"product_tag","embeddable":true,"href":"https:\/\/www.rgequip.com\/index.php?rest_route=%2Fwp%2Fv2%2Fproduct_tag&post=11361"}],"curies":[{"name":"wp","href":"https:\/\/api.w.org\/{rel}","templated":true}]}}