{"id":11334,"date":"2019-10-17T15:25:55","date_gmt":"2019-10-17T13:25:55","guid":{"rendered":"https:\/\/www.rgequip.com\/?post_type=product&#038;p=11334"},"modified":"2020-08-03T13:17:08","modified_gmt":"2020-08-03T11:17:08","slug":"table-murale-demontable-avec-02-etageres-intermediaires","status":"publish","type":"product","link":"https:\/\/www.rgequip.com\/?product=table-murale-demontable-avec-02-etageres-intermediaires","title":{"rendered":"Table Murale D\u00e9montable Avec 02 \u00c9tag\u00e8res Interm\u00e9diaires Dim:1600*600*850 mm"},"content":{"rendered":"<p>Cette<strong>\u00a0table de travail<\/strong>\u00a0en con\u00e7ue enti\u00e8rement en\u00a0<strong>Inox<\/strong>.<br \/>\nElle est la solution id\u00e9ale pour les usages professionnels, gr\u00e2ce \u00e0 sa\u00a0<strong>facilit\u00e9 d&#8217;entretien et sa robustesse<\/strong>. En effet, sa surface de travail est renforc\u00e9e.<\/p>\n<p>Elle dispose de\u00a0<strong>4 pieds<\/strong> acier modulables pour s&#8217;adapter \u00e0 l&#8217;utilisateur,et de 02 \u00e9tag\u00e8res interm\u00e9diaires.<\/p>\n<p>Cette table de travail en inox est \u00e9quip\u00e9e d&#8217;une \u00e9tag\u00e8re basse<\/p>\n","protected":false},"excerpt":{"rendered":"<p>Cette\u00a0table de travail\u00a0en con\u00e7ue enti\u00e8rement en\u00a0Inox. Elle est la solution id\u00e9ale pour les usages professionnels, gr\u00e2ce \u00e0 sa\u00a0facilit\u00e9 d&#8217;entretien et<\/p>\n","protected":false},"featured_media":11333,"comment_status":"open","ping_status":"closed","template":"","meta":[],"product_brand":[],"product_cat":[406,411],"product_tag":[],"class_list":{"0":"post-11334","1":"product","2":"type-product","3":"status-publish","4":"has-post-thumbnail","6":"product_cat-autres-inox","7":"product_cat-tables-inox","9":"first","10":"instock","11":"shipping-taxable","12":"product-type-simple"},"_links":{"self":[{"href":"https:\/\/www.rgequip.com\/index.php?rest_route=\/wp\/v2\/product\/11334","targetHints":{"allow":["GET"]}}],"collection":[{"href":"https:\/\/www.rgequip.com\/index.php?rest_route=\/wp\/v2\/product"}],"about":[{"href":"https:\/\/www.rgequip.com\/index.php?rest_route=\/wp\/v2\/types\/product"}],"replies":[{"embeddable":true,"href":"https:\/\/www.rgequip.com\/index.php?rest_route=%2Fwp%2Fv2%2Fcomments&post=11334"}],"version-history":[{"count":0,"href":"https:\/\/www.rgequip.com\/index.php?rest_route=\/wp\/v2\/product\/11334\/revisions"}],"wp:featuredmedia":[{"embeddable":true,"href":"https:\/\/www.rgequip.com\/index.php?rest_route=\/wp\/v2\/media\/11333"}],"wp:attachment":[{"href":"https:\/\/www.rgequip.com\/index.php?rest_route=%2Fwp%2Fv2%2Fmedia&parent=11334"}],"wp:term":[{"taxonomy":"product_brand","embeddable":true,"href":"https:\/\/www.rgequip.com\/index.php?rest_route=%2Fwp%2Fv2%2Fproduct_brand&post=11334"},{"taxonomy":"product_cat","embeddable":true,"href":"https:\/\/www.rgequip.com\/index.php?rest_route=%2Fwp%2Fv2%2Fproduct_cat&post=11334"},{"taxonomy":"product_tag","embeddable":true,"href":"https:\/\/www.rgequip.com\/index.php?rest_route=%2Fwp%2Fv2%2Fproduct_tag&post=11334"}],"curies":[{"name":"wp","href":"https:\/\/api.w.org\/{rel}","templated":true}]}}