{"id":11328,"date":"2019-10-17T14:44:35","date_gmt":"2019-10-17T12:44:35","guid":{"rendered":"https:\/\/www.rgequip.com\/?post_type=product&#038;p=11328"},"modified":"2019-10-17T15:18:07","modified_gmt":"2019-10-17T13:18:07","slug":"plonge-01-bacs-sans-egouttoirs-1400600850","status":"publish","type":"product","link":"https:\/\/www.rgequip.com\/?product=plonge-01-bacs-sans-egouttoirs-1400600850","title":{"rendered":"Plonge 01 Bacs Sans \u00c9gouttoirs 1400*600*850"},"content":{"rendered":"<p>Cette Table de Plonge\u00a0avec \u00e9tag\u00e8re basse est id\u00e9ale pour votre cuisine professionnelle avec sa capacit\u00e9 de charge tr\u00e8s \u00e9lev\u00e9e,<br \/>\nElle vous apportera un confort et une s\u00e9curit\u00e9 de travail suppl\u00e9mentaire.<br \/>\nEn plus de sa robustesse, sa cuve de dimensions 120 x 50 x 35 en acier inox de qualit\u00e9 sup\u00e9rieure<br \/>\nElle poss\u00e8de ainsi d&#8217;un plan de travail en acier inoxydable double paroi ce qui vous assurera sa long\u00e9vit\u00e9.<\/p>\n","protected":false},"excerpt":{"rendered":"<p>Cette Table de Plonge\u00a0avec \u00e9tag\u00e8re basse est id\u00e9ale pour votre cuisine professionnelle avec sa capacit\u00e9 de charge tr\u00e8s \u00e9lev\u00e9e, Elle<\/p>\n","protected":false},"featured_media":11331,"comment_status":"open","ping_status":"closed","template":"","meta":[],"product_brand":[],"product_cat":[392,394,401],"product_tag":[],"class_list":{"0":"post-11328","1":"product","2":"type-product","3":"status-publish","4":"has-post-thumbnail","6":"product_cat-laverie-hygiene","7":"product_cat-plonge","8":"product_cat-sans-egouttoir","10":"first","11":"instock","12":"shipping-taxable","13":"product-type-simple"},"_links":{"self":[{"href":"https:\/\/www.rgequip.com\/index.php?rest_route=\/wp\/v2\/product\/11328","targetHints":{"allow":["GET"]}}],"collection":[{"href":"https:\/\/www.rgequip.com\/index.php?rest_route=\/wp\/v2\/product"}],"about":[{"href":"https:\/\/www.rgequip.com\/index.php?rest_route=\/wp\/v2\/types\/product"}],"replies":[{"embeddable":true,"href":"https:\/\/www.rgequip.com\/index.php?rest_route=%2Fwp%2Fv2%2Fcomments&post=11328"}],"version-history":[{"count":0,"href":"https:\/\/www.rgequip.com\/index.php?rest_route=\/wp\/v2\/product\/11328\/revisions"}],"wp:featuredmedia":[{"embeddable":true,"href":"https:\/\/www.rgequip.com\/index.php?rest_route=\/wp\/v2\/media\/11331"}],"wp:attachment":[{"href":"https:\/\/www.rgequip.com\/index.php?rest_route=%2Fwp%2Fv2%2Fmedia&parent=11328"}],"wp:term":[{"taxonomy":"product_brand","embeddable":true,"href":"https:\/\/www.rgequip.com\/index.php?rest_route=%2Fwp%2Fv2%2Fproduct_brand&post=11328"},{"taxonomy":"product_cat","embeddable":true,"href":"https:\/\/www.rgequip.com\/index.php?rest_route=%2Fwp%2Fv2%2Fproduct_cat&post=11328"},{"taxonomy":"product_tag","embeddable":true,"href":"https:\/\/www.rgequip.com\/index.php?rest_route=%2Fwp%2Fv2%2Fproduct_tag&post=11328"}],"curies":[{"name":"wp","href":"https:\/\/api.w.org\/{rel}","templated":true}]}}