{"id":11320,"date":"2019-10-17T14:19:07","date_gmt":"2019-10-17T12:19:07","guid":{"rendered":"https:\/\/www.rgequip.com\/?post_type=product&#038;p=11320"},"modified":"2019-10-17T14:25:20","modified_gmt":"2019-10-17T12:25:20","slug":"plonge-01-bacs-avec-egouttoirs-et-etagere-intermediaire-1400600850","status":"publish","type":"product","link":"https:\/\/www.rgequip.com\/?product=plonge-01-bacs-avec-egouttoirs-et-etagere-intermediaire-1400600850","title":{"rendered":"Plonge 01 Bacs Avec \u00c9gouttoirs et \u00c9tag\u00e8re Interm\u00e9diaire  1400*600*850"},"content":{"rendered":"<p>Plonge Standard\u00a0de\u00a0profondeur 700 mm et avec 1 bac\u00a0de 600 x 500 x 300 mm.<\/p>\n<p>En Inox 304 avec une \u00e9paisseur 10\/10, cette plonge vous garantira une excellente robustesse et long\u00e9vit\u00e9.<\/p>\n<p>La Hauteur du plan de travail est de 850 mm, avec bords tomb\u00e9s de 40 mm.<\/p>\n<p>Pour un meilleur esth\u00e9tisme, elle poss\u00e8de un habillage cache bac sur 3 faces. Ainsi que d&#8217;un dosseret de 100 mm + 20 mm.<\/p>\n<p>En soubassement, cette plonge est dot\u00e9e d&#8217;un \u00e9tag\u00e8re en inox avec renforcement. Vous pourrez ainsi y stocker vos produits &#8230;<\/p>\n<p><b>\u00c9gouttoir<\/b><strong> au choix\u00a0 \u00e0 gauche ou \u00e0 droite.<\/strong><\/p>\n","protected":false},"excerpt":{"rendered":"<p>Plonge Standard\u00a0de\u00a0profondeur 700 mm et avec 1 bac\u00a0de 600 x 500 x 300 mm. En Inox 304 avec une \u00e9paisseur<\/p>\n","protected":false},"featured_media":11321,"comment_status":"open","ping_status":"closed","template":"","meta":[],"product_brand":[],"product_cat":[392,400,394],"product_tag":[],"class_list":{"0":"post-11320","1":"product","2":"type-product","3":"status-publish","4":"has-post-thumbnail","6":"product_cat-laverie-hygiene","7":"product_cat-avec-egouttoir","8":"product_cat-plonge","10":"first","11":"instock","12":"shipping-taxable","13":"product-type-simple"},"_links":{"self":[{"href":"https:\/\/www.rgequip.com\/index.php?rest_route=\/wp\/v2\/product\/11320","targetHints":{"allow":["GET"]}}],"collection":[{"href":"https:\/\/www.rgequip.com\/index.php?rest_route=\/wp\/v2\/product"}],"about":[{"href":"https:\/\/www.rgequip.com\/index.php?rest_route=\/wp\/v2\/types\/product"}],"replies":[{"embeddable":true,"href":"https:\/\/www.rgequip.com\/index.php?rest_route=%2Fwp%2Fv2%2Fcomments&post=11320"}],"version-history":[{"count":0,"href":"https:\/\/www.rgequip.com\/index.php?rest_route=\/wp\/v2\/product\/11320\/revisions"}],"wp:featuredmedia":[{"embeddable":true,"href":"https:\/\/www.rgequip.com\/index.php?rest_route=\/wp\/v2\/media\/11321"}],"wp:attachment":[{"href":"https:\/\/www.rgequip.com\/index.php?rest_route=%2Fwp%2Fv2%2Fmedia&parent=11320"}],"wp:term":[{"taxonomy":"product_brand","embeddable":true,"href":"https:\/\/www.rgequip.com\/index.php?rest_route=%2Fwp%2Fv2%2Fproduct_brand&post=11320"},{"taxonomy":"product_cat","embeddable":true,"href":"https:\/\/www.rgequip.com\/index.php?rest_route=%2Fwp%2Fv2%2Fproduct_cat&post=11320"},{"taxonomy":"product_tag","embeddable":true,"href":"https:\/\/www.rgequip.com\/index.php?rest_route=%2Fwp%2Fv2%2Fproduct_tag&post=11320"}],"curies":[{"name":"wp","href":"https:\/\/api.w.org\/{rel}","templated":true}]}}