{"id":11318,"date":"2019-10-17T13:15:42","date_gmt":"2019-10-17T11:15:42","guid":{"rendered":"https:\/\/www.rgequip.com\/?post_type=product&#038;p=11318"},"modified":"2019-10-17T13:15:42","modified_gmt":"2019-10-17T11:15:42","slug":"plonge-02-bacs-avec-etagere-intermediaire-sans-egouttoirs-1600700850","status":"publish","type":"product","link":"https:\/\/www.rgequip.com\/?product=plonge-02-bacs-avec-etagere-intermediaire-sans-egouttoirs-1600700850","title":{"rendered":"Plonge 02 Bacs Avec \u00c9tag\u00e8re Interm\u00e9diaire Sans \u00c9gouttoirs 1600*700*850"},"content":{"rendered":"<p>Cette plonge professionnelle poss\u00e8de\u00a0<strong>2 larges cuves <\/strong>\u00a0sans \u00e9gouttoirs . Le plan de travail a une \u00e9paisseur de 6<strong>0 mm<\/strong>. La tablette mesure 1,4 m.<\/p>\n<p>L&#8217;avantage de\u00a0la plonge est qu&#8217;avec son\u00a0<strong>\u00e9tag\u00e8re inf\u00e9rieure<\/strong>, vous pouvez disposer tous les produits dont vous avez besoin.<\/p>\n<p>Le plan de travail de\u00a0la plonge professionnelle ainsi que les pieds sont enti\u00e8rement en\u00a0acier inoxydable de qualit\u00e9 sup\u00e9rieure.\u00a0Robustesse et solidit\u00e9 sont garantis avec cette table de rin\u00e7age puisque le plan de travail est \u00e0 double paroi.<\/p>\n","protected":false},"excerpt":{"rendered":"<p>Cette plonge professionnelle poss\u00e8de\u00a02 larges cuves \u00a0sans \u00e9gouttoirs . Le plan de travail a une \u00e9paisseur de 60 mm. La<\/p>\n","protected":false},"featured_media":11315,"comment_status":"open","ping_status":"closed","template":"","meta":[],"product_brand":[],"product_cat":[392,394,401],"product_tag":[],"class_list":{"0":"post-11318","1":"product","2":"type-product","3":"status-publish","4":"has-post-thumbnail","6":"product_cat-laverie-hygiene","7":"product_cat-plonge","8":"product_cat-sans-egouttoir","10":"first","11":"instock","12":"shipping-taxable","13":"product-type-simple"},"_links":{"self":[{"href":"https:\/\/www.rgequip.com\/index.php?rest_route=\/wp\/v2\/product\/11318","targetHints":{"allow":["GET"]}}],"collection":[{"href":"https:\/\/www.rgequip.com\/index.php?rest_route=\/wp\/v2\/product"}],"about":[{"href":"https:\/\/www.rgequip.com\/index.php?rest_route=\/wp\/v2\/types\/product"}],"replies":[{"embeddable":true,"href":"https:\/\/www.rgequip.com\/index.php?rest_route=%2Fwp%2Fv2%2Fcomments&post=11318"}],"version-history":[{"count":0,"href":"https:\/\/www.rgequip.com\/index.php?rest_route=\/wp\/v2\/product\/11318\/revisions"}],"wp:featuredmedia":[{"embeddable":true,"href":"https:\/\/www.rgequip.com\/index.php?rest_route=\/wp\/v2\/media\/11315"}],"wp:attachment":[{"href":"https:\/\/www.rgequip.com\/index.php?rest_route=%2Fwp%2Fv2%2Fmedia&parent=11318"}],"wp:term":[{"taxonomy":"product_brand","embeddable":true,"href":"https:\/\/www.rgequip.com\/index.php?rest_route=%2Fwp%2Fv2%2Fproduct_brand&post=11318"},{"taxonomy":"product_cat","embeddable":true,"href":"https:\/\/www.rgequip.com\/index.php?rest_route=%2Fwp%2Fv2%2Fproduct_cat&post=11318"},{"taxonomy":"product_tag","embeddable":true,"href":"https:\/\/www.rgequip.com\/index.php?rest_route=%2Fwp%2Fv2%2Fproduct_tag&post=11318"}],"curies":[{"name":"wp","href":"https:\/\/api.w.org\/{rel}","templated":true}]}}