{"id":11300,"date":"2019-10-17T12:11:00","date_gmt":"2019-10-17T10:11:00","guid":{"rendered":"https:\/\/www.rgequip.com\/?post_type=product&#038;p=11300"},"modified":"2019-10-17T12:11:00","modified_gmt":"2019-10-17T10:11:00","slug":"table-basse-chauffante-avec-placard-coulissant-1100600850","status":"publish","type":"product","link":"https:\/\/www.rgequip.com\/?product=table-basse-chauffante-avec-placard-coulissant-1100600850","title":{"rendered":"Table Basse Chauffante avec placard coulissant 1100*600*850"},"content":{"rendered":"<p>Cette armoire chauffante poss\u00e8de une tr\u00e8s large plage de temp\u00e9rature<br \/>\nL&#8217;armoire chauffe \u00e0 l&#8217;aide d&#8217;une unit\u00e9 soufflante tr\u00e8s puissante avec une r\u00e9partition uniforme et homog\u00e8ne \u00e0 l&#8217;int\u00e9rieur de l&#8217;armoire.<br \/>\nParticuli\u00e8rement robuste et a une <strong>capacit\u00e9 de charge<\/strong>\u00a0allant jusqu&#8217;\u00e0\u00a0<strong>500 kg.<br \/>\n<\/strong>Elle poss\u00e8de aussi des pieds tout en acier inoxydable r\u00e9glables.<br \/>\nL&#8217;entretien de l&#8217;armoire se fait avec une tr\u00e8s grande facilit\u00e9.<br \/>\nToute en <strong>acier inox AISI 304<\/strong> de tr\u00e8s grande qualit\u00e9 avec des angles <strong>arrondis<\/strong>.<\/p>\n<p>&nbsp;<\/p>\n","protected":false},"excerpt":{"rendered":"<p>Cette armoire chauffante poss\u00e8de une tr\u00e8s large plage de temp\u00e9rature L&#8217;armoire chauffe \u00e0 l&#8217;aide d&#8217;une unit\u00e9 soufflante tr\u00e8s puissante avec<\/p>\n","protected":false},"featured_media":11301,"comment_status":"open","ping_status":"closed","template":"","meta":[],"product_brand":[],"product_cat":[406,411],"product_tag":[],"class_list":{"0":"post-11300","1":"product","2":"type-product","3":"status-publish","4":"has-post-thumbnail","6":"product_cat-autres-inox","7":"product_cat-tables-inox","9":"first","10":"instock","11":"shipping-taxable","12":"product-type-simple"},"_links":{"self":[{"href":"https:\/\/www.rgequip.com\/index.php?rest_route=\/wp\/v2\/product\/11300","targetHints":{"allow":["GET"]}}],"collection":[{"href":"https:\/\/www.rgequip.com\/index.php?rest_route=\/wp\/v2\/product"}],"about":[{"href":"https:\/\/www.rgequip.com\/index.php?rest_route=\/wp\/v2\/types\/product"}],"replies":[{"embeddable":true,"href":"https:\/\/www.rgequip.com\/index.php?rest_route=%2Fwp%2Fv2%2Fcomments&post=11300"}],"version-history":[{"count":0,"href":"https:\/\/www.rgequip.com\/index.php?rest_route=\/wp\/v2\/product\/11300\/revisions"}],"wp:featuredmedia":[{"embeddable":true,"href":"https:\/\/www.rgequip.com\/index.php?rest_route=\/wp\/v2\/media\/11301"}],"wp:attachment":[{"href":"https:\/\/www.rgequip.com\/index.php?rest_route=%2Fwp%2Fv2%2Fmedia&parent=11300"}],"wp:term":[{"taxonomy":"product_brand","embeddable":true,"href":"https:\/\/www.rgequip.com\/index.php?rest_route=%2Fwp%2Fv2%2Fproduct_brand&post=11300"},{"taxonomy":"product_cat","embeddable":true,"href":"https:\/\/www.rgequip.com\/index.php?rest_route=%2Fwp%2Fv2%2Fproduct_cat&post=11300"},{"taxonomy":"product_tag","embeddable":true,"href":"https:\/\/www.rgequip.com\/index.php?rest_route=%2Fwp%2Fv2%2Fproduct_tag&post=11300"}],"curies":[{"name":"wp","href":"https:\/\/api.w.org\/{rel}","templated":true}]}}