{"id":11254,"date":"2019-10-16T17:34:31","date_gmt":"2019-10-16T15:34:31","guid":{"rendered":"https:\/\/www.rgequip.com\/?post_type=product&#038;p=11254"},"modified":"2019-10-16T17:34:31","modified_gmt":"2019-10-16T15:34:31","slug":"table-murale-demontable-avec-etagere-intermediaire-1600700850","status":"publish","type":"product","link":"https:\/\/www.rgequip.com\/?product=table-murale-demontable-avec-etagere-intermediaire-1600700850","title":{"rendered":"Table Murale D\u00e9montable Avec \u00e9tag\u00e8re interm\u00e9diaire 1600*700*850"},"content":{"rendered":"<p><strong>Caract\u00e9ristiques du produit\u00a0:<\/strong><strong>\u00a0<\/strong><\/p>\n<ul>\n<li>Fabrication int\u00e9grale en\u00a0acier chrom\u00e9<\/li>\n<li>Pieds r\u00e9glables en hauteur<\/li>\n<li>Article livr\u00e9 en pi\u00e8ces d\u00e9tach\u00e9es \u00e0 monter soi-m\u00eame<\/li>\n<li>Avec \u00e9tag\u00e8re basse<\/li>\n<li>Grande capacit\u00e9 de charge<\/li>\n<li>Stabilit\u00e9 particuli\u00e8rement \u00e9lev\u00e9e<\/li>\n<li>Profil des pieds ronds<\/li>\n<li>Nettoyage facile<\/li>\n<li>Dimensions (l x P x H) : 1400 x 700 x 850 mm<\/li>\n<li>Poids: 25 kg<\/li>\n<li>Optimal pour la pr\u00e9paration des aliments<\/li>\n<li>Facile \u00e0 nettoyer gr\u00e2ce aux coins arrondis<\/li>\n<\/ul>\n","protected":false},"excerpt":{"rendered":"<p>Caract\u00e9ristiques du produit\u00a0:\u00a0 Fabrication int\u00e9grale en\u00a0acier chrom\u00e9 Pieds r\u00e9glables en hauteur Article livr\u00e9 en pi\u00e8ces d\u00e9tach\u00e9es \u00e0 monter soi-m\u00eame Avec<\/p>\n","protected":false},"featured_media":11249,"comment_status":"open","ping_status":"closed","template":"","meta":[],"product_brand":[],"product_cat":[406,411],"product_tag":[],"class_list":{"0":"post-11254","1":"product","2":"type-product","3":"status-publish","4":"has-post-thumbnail","6":"product_cat-autres-inox","7":"product_cat-tables-inox","9":"first","10":"instock","11":"shipping-taxable","12":"product-type-simple"},"_links":{"self":[{"href":"https:\/\/www.rgequip.com\/index.php?rest_route=\/wp\/v2\/product\/11254","targetHints":{"allow":["GET"]}}],"collection":[{"href":"https:\/\/www.rgequip.com\/index.php?rest_route=\/wp\/v2\/product"}],"about":[{"href":"https:\/\/www.rgequip.com\/index.php?rest_route=\/wp\/v2\/types\/product"}],"replies":[{"embeddable":true,"href":"https:\/\/www.rgequip.com\/index.php?rest_route=%2Fwp%2Fv2%2Fcomments&post=11254"}],"version-history":[{"count":0,"href":"https:\/\/www.rgequip.com\/index.php?rest_route=\/wp\/v2\/product\/11254\/revisions"}],"wp:featuredmedia":[{"embeddable":true,"href":"https:\/\/www.rgequip.com\/index.php?rest_route=\/wp\/v2\/media\/11249"}],"wp:attachment":[{"href":"https:\/\/www.rgequip.com\/index.php?rest_route=%2Fwp%2Fv2%2Fmedia&parent=11254"}],"wp:term":[{"taxonomy":"product_brand","embeddable":true,"href":"https:\/\/www.rgequip.com\/index.php?rest_route=%2Fwp%2Fv2%2Fproduct_brand&post=11254"},{"taxonomy":"product_cat","embeddable":true,"href":"https:\/\/www.rgequip.com\/index.php?rest_route=%2Fwp%2Fv2%2Fproduct_cat&post=11254"},{"taxonomy":"product_tag","embeddable":true,"href":"https:\/\/www.rgequip.com\/index.php?rest_route=%2Fwp%2Fv2%2Fproduct_tag&post=11254"}],"curies":[{"name":"wp","href":"https:\/\/api.w.org\/{rel}","templated":true}]}}