{"id":11231,"date":"2019-10-16T13:05:49","date_gmt":"2019-10-16T11:05:49","guid":{"rendered":"https:\/\/www.rgequip.com\/?post_type=product&#038;p=11231"},"modified":"2021-08-29T12:00:59","modified_gmt":"2021-08-29T10:00:59","slug":"vitrine-refrigeree-nettuno-built-in-self-in-n200","status":"publish","type":"product","link":"https:\/\/www.rgequip.com\/?product=vitrine-refrigeree-nettuno-built-in-self-in-n200","title":{"rendered":"Vitrine R\u00e9frig\u00e9r\u00e9e Nettuno Built In Self in N200"},"content":{"rendered":"<h3>CARACT\u00c9RISTIQUES<\/h3>\n<p>Premi\u00e8rement il s&#8217;agit d&#8217;une Technologie, conception et production &#8220;Made in Italy&#8221;<\/p>\n<p>De plus son Installation est facile<\/p>\n<p>Grace \u00e0 sa Faible consommation d&#8217;\u00e9nergie, il a un Faible impact environnemental<\/p>\n<p>Baignoire fabriqu\u00e9e sans CFC<\/p>\n","protected":false},"excerpt":{"rendered":"<p>CARACT\u00c9RISTIQUES Premi\u00e8rement il s&#8217;agit d&#8217;une Technologie, conception et production &#8220;Made in Italy&#8221; De plus son Installation est facile Grace \u00e0<\/p>\n","protected":false},"featured_media":11227,"comment_status":"open","ping_status":"closed","template":"","meta":[],"product_brand":[],"product_cat":[268,289,272],"product_tag":[],"class_list":{"0":"post-11231","1":"product","2":"type-product","3":"status-publish","4":"has-post-thumbnail","6":"product_cat-froids","7":"product_cat-v-centrale","8":"product_cat-vitrines","10":"first","11":"instock","12":"shipping-taxable","13":"product-type-simple"},"_links":{"self":[{"href":"https:\/\/www.rgequip.com\/index.php?rest_route=\/wp\/v2\/product\/11231","targetHints":{"allow":["GET"]}}],"collection":[{"href":"https:\/\/www.rgequip.com\/index.php?rest_route=\/wp\/v2\/product"}],"about":[{"href":"https:\/\/www.rgequip.com\/index.php?rest_route=\/wp\/v2\/types\/product"}],"replies":[{"embeddable":true,"href":"https:\/\/www.rgequip.com\/index.php?rest_route=%2Fwp%2Fv2%2Fcomments&post=11231"}],"version-history":[{"count":0,"href":"https:\/\/www.rgequip.com\/index.php?rest_route=\/wp\/v2\/product\/11231\/revisions"}],"wp:featuredmedia":[{"embeddable":true,"href":"https:\/\/www.rgequip.com\/index.php?rest_route=\/wp\/v2\/media\/11227"}],"wp:attachment":[{"href":"https:\/\/www.rgequip.com\/index.php?rest_route=%2Fwp%2Fv2%2Fmedia&parent=11231"}],"wp:term":[{"taxonomy":"product_brand","embeddable":true,"href":"https:\/\/www.rgequip.com\/index.php?rest_route=%2Fwp%2Fv2%2Fproduct_brand&post=11231"},{"taxonomy":"product_cat","embeddable":true,"href":"https:\/\/www.rgequip.com\/index.php?rest_route=%2Fwp%2Fv2%2Fproduct_cat&post=11231"},{"taxonomy":"product_tag","embeddable":true,"href":"https:\/\/www.rgequip.com\/index.php?rest_route=%2Fwp%2Fv2%2Fproduct_tag&post=11231"}],"curies":[{"name":"wp","href":"https:\/\/api.w.org\/{rel}","templated":true}]}}