{"id":11228,"date":"2019-10-16T12:59:30","date_gmt":"2019-10-16T10:59:30","guid":{"rendered":"https:\/\/www.rgequip.com\/?post_type=product&#038;p=11228"},"modified":"2021-08-29T12:01:42","modified_gmt":"2021-08-29T10:01:42","slug":"vitrine-refrigeree-netunno-self-200-dim-20009731400","status":"publish","type":"product","link":"https:\/\/www.rgequip.com\/?product=vitrine-refrigeree-netunno-self-200-dim-20009731400","title":{"rendered":"Vitrine R\u00e9frig\u00e9r\u00e9e Netunno Self 200 DIM: 2000*973*1400"},"content":{"rendered":"<h3>CARACT\u00c9RISTIQUES<\/h3>\n<p>Premi\u00e8rement il s&#8217;agit d&#8217;une Technologie, conception et production &#8220;Made in Italy&#8221;<\/p>\n<p>De plus son Installation est facile<\/p>\n<p>Grace \u00e0 sa Faible consommation d&#8217;\u00e9nergie, il a un Faible impact environnemental<\/p>\n<p>Baignoire fabriqu\u00e9e sans CFC<\/p>\n","protected":false},"excerpt":{"rendered":"<p>CARACT\u00c9RISTIQUES Premi\u00e8rement il s&#8217;agit d&#8217;une Technologie, conception et production &#8220;Made in Italy&#8221; De plus son Installation est facile Grace \u00e0<\/p>\n","protected":false},"featured_media":11229,"comment_status":"open","ping_status":"closed","template":"","meta":[],"product_brand":[],"product_cat":[268,289,272],"product_tag":[],"class_list":{"0":"post-11228","1":"product","2":"type-product","3":"status-publish","4":"has-post-thumbnail","6":"product_cat-froids","7":"product_cat-v-centrale","8":"product_cat-vitrines","10":"first","11":"instock","12":"shipping-taxable","13":"product-type-simple"},"_links":{"self":[{"href":"https:\/\/www.rgequip.com\/index.php?rest_route=\/wp\/v2\/product\/11228","targetHints":{"allow":["GET"]}}],"collection":[{"href":"https:\/\/www.rgequip.com\/index.php?rest_route=\/wp\/v2\/product"}],"about":[{"href":"https:\/\/www.rgequip.com\/index.php?rest_route=\/wp\/v2\/types\/product"}],"replies":[{"embeddable":true,"href":"https:\/\/www.rgequip.com\/index.php?rest_route=%2Fwp%2Fv2%2Fcomments&post=11228"}],"version-history":[{"count":0,"href":"https:\/\/www.rgequip.com\/index.php?rest_route=\/wp\/v2\/product\/11228\/revisions"}],"wp:featuredmedia":[{"embeddable":true,"href":"https:\/\/www.rgequip.com\/index.php?rest_route=\/wp\/v2\/media\/11229"}],"wp:attachment":[{"href":"https:\/\/www.rgequip.com\/index.php?rest_route=%2Fwp%2Fv2%2Fmedia&parent=11228"}],"wp:term":[{"taxonomy":"product_brand","embeddable":true,"href":"https:\/\/www.rgequip.com\/index.php?rest_route=%2Fwp%2Fv2%2Fproduct_brand&post=11228"},{"taxonomy":"product_cat","embeddable":true,"href":"https:\/\/www.rgequip.com\/index.php?rest_route=%2Fwp%2Fv2%2Fproduct_cat&post=11228"},{"taxonomy":"product_tag","embeddable":true,"href":"https:\/\/www.rgequip.com\/index.php?rest_route=%2Fwp%2Fv2%2Fproduct_tag&post=11228"}],"curies":[{"name":"wp","href":"https:\/\/api.w.org\/{rel}","templated":true}]}}