{"id":11185,"date":"2019-10-15T19:13:22","date_gmt":"2019-10-15T17:13:22","guid":{"rendered":"https:\/\/www.rgequip.com\/?post_type=product&#038;p=11185"},"modified":"2019-10-16T14:00:43","modified_gmt":"2019-10-16T12:00:43","slug":"vitrine-refrigeree-neutre-puntok-5r2c-5c","status":"publish","type":"product","link":"https:\/\/www.rgequip.com\/?product=vitrine-refrigeree-neutre-puntok-5r2c-5c","title":{"rendered":"Vitrine R\u00e9frig\u00e9r\u00e9e Neutre Puntok 5R+2\u00b0C\/+5\u00b0C"},"content":{"rendered":"<p>Design simple et \u00e9pur\u00e9, moderne et \u00e9l\u00e9gant.<br \/>\nGr\u00e2ce \u00e0 sa ventilation d\u00e9licate,\u00a0 excellent pour afficher les produits les plus divers: sushi, p\u00e2tisserie, p\u00e2tes fra\u00eeches, cr\u00e8me glac\u00e9e et pralin\u00e9.<br \/>\nIl a un grand \u00e9cran en acier qui donne une grande visibilit\u00e9 aux produits.<\/p>\n","protected":false},"excerpt":{"rendered":"<p>Design simple et \u00e9pur\u00e9, moderne et \u00e9l\u00e9gant. Gr\u00e2ce \u00e0 sa ventilation d\u00e9licate,\u00a0 excellent pour afficher les produits les plus divers:<\/p>\n","protected":false},"featured_media":11238,"comment_status":"open","ping_status":"closed","template":"","meta":[],"product_brand":[],"product_cat":[268,289,272],"product_tag":[],"class_list":{"0":"post-11185","1":"product","2":"type-product","3":"status-publish","4":"has-post-thumbnail","6":"product_cat-froids","7":"product_cat-v-centrale","8":"product_cat-vitrines","10":"first","11":"instock","12":"shipping-taxable","13":"product-type-simple"},"_links":{"self":[{"href":"https:\/\/www.rgequip.com\/index.php?rest_route=\/wp\/v2\/product\/11185","targetHints":{"allow":["GET"]}}],"collection":[{"href":"https:\/\/www.rgequip.com\/index.php?rest_route=\/wp\/v2\/product"}],"about":[{"href":"https:\/\/www.rgequip.com\/index.php?rest_route=\/wp\/v2\/types\/product"}],"replies":[{"embeddable":true,"href":"https:\/\/www.rgequip.com\/index.php?rest_route=%2Fwp%2Fv2%2Fcomments&post=11185"}],"version-history":[{"count":0,"href":"https:\/\/www.rgequip.com\/index.php?rest_route=\/wp\/v2\/product\/11185\/revisions"}],"wp:featuredmedia":[{"embeddable":true,"href":"https:\/\/www.rgequip.com\/index.php?rest_route=\/wp\/v2\/media\/11238"}],"wp:attachment":[{"href":"https:\/\/www.rgequip.com\/index.php?rest_route=%2Fwp%2Fv2%2Fmedia&parent=11185"}],"wp:term":[{"taxonomy":"product_brand","embeddable":true,"href":"https:\/\/www.rgequip.com\/index.php?rest_route=%2Fwp%2Fv2%2Fproduct_brand&post=11185"},{"taxonomy":"product_cat","embeddable":true,"href":"https:\/\/www.rgequip.com\/index.php?rest_route=%2Fwp%2Fv2%2Fproduct_cat&post=11185"},{"taxonomy":"product_tag","embeddable":true,"href":"https:\/\/www.rgequip.com\/index.php?rest_route=%2Fwp%2Fv2%2Fproduct_tag&post=11185"}],"curies":[{"name":"wp","href":"https:\/\/api.w.org\/{rel}","templated":true}]}}