{"id":11174,"date":"2019-10-15T18:44:26","date_gmt":"2019-10-15T16:44:26","guid":{"rendered":"https:\/\/www.rgequip.com\/?post_type=product&#038;p=11174"},"modified":"2021-08-29T12:09:22","modified_gmt":"2021-08-29T10:09:22","slug":"vitrine-refrigeree-salina-plus-bombee","status":"publish","type":"product","link":"https:\/\/www.rgequip.com\/?product=vitrine-refrigeree-salina-plus-bombee","title":{"rendered":"Vitrine R\u00e9frig\u00e9r\u00e9e Salina plus Bomb\u00e9e"},"content":{"rendered":"<p>Convient aux surfaces de vente moyennes<br \/>\nDe meme, Verres incurv\u00e9s pliables devant<br \/>\nChapeau en aluminium anodis\u00e9<\/p>\n<p>vitrines r\u00e9frig\u00e9r\u00e9es, en verre bomb\u00e9e adapt\u00e9e aux petites et moyennes surfaces de vente.<br \/>\nDe m\u00eame, elle Diff\u00e8re par Verres incurv\u00e9s pliables devant et son Chapeau en aluminium anodis\u00e9<br \/>\nen plus, Le syst\u00e8me de r\u00e9frig\u00e9ration id\u00e9ale pour les charcuteries,produits laitiers et produits d&#8217;\u00e9picerie fine .<br \/>\nLa temp\u00e9rature se r\u00e9gule thermostat \u00e9lectronique. Arr\u00eatez le d\u00e9givrage.<br \/>\n\u00c9quip\u00e9e d&#8217;un syst\u00e8me de r\u00e9cup\u00e9ration d&#8217;eau de condensat avec un plateau amovible ou d&#8217;un compresseur distant.<\/p>\n","protected":false},"excerpt":{"rendered":"<p>Convient aux surfaces de vente moyennes De meme, Verres incurv\u00e9s pliables devant Chapeau en aluminium anodis\u00e9 vitrines r\u00e9frig\u00e9r\u00e9es, en verre<\/p>\n","protected":false},"featured_media":11241,"comment_status":"open","ping_status":"closed","template":"","meta":[],"product_brand":[],"product_cat":[268,289,272],"product_tag":[],"class_list":{"0":"post-11174","1":"product","2":"type-product","3":"status-publish","4":"has-post-thumbnail","6":"product_cat-froids","7":"product_cat-v-centrale","8":"product_cat-vitrines","10":"first","11":"instock","12":"shipping-taxable","13":"product-type-simple"},"_links":{"self":[{"href":"https:\/\/www.rgequip.com\/index.php?rest_route=\/wp\/v2\/product\/11174","targetHints":{"allow":["GET"]}}],"collection":[{"href":"https:\/\/www.rgequip.com\/index.php?rest_route=\/wp\/v2\/product"}],"about":[{"href":"https:\/\/www.rgequip.com\/index.php?rest_route=\/wp\/v2\/types\/product"}],"replies":[{"embeddable":true,"href":"https:\/\/www.rgequip.com\/index.php?rest_route=%2Fwp%2Fv2%2Fcomments&post=11174"}],"version-history":[{"count":0,"href":"https:\/\/www.rgequip.com\/index.php?rest_route=\/wp\/v2\/product\/11174\/revisions"}],"wp:featuredmedia":[{"embeddable":true,"href":"https:\/\/www.rgequip.com\/index.php?rest_route=\/wp\/v2\/media\/11241"}],"wp:attachment":[{"href":"https:\/\/www.rgequip.com\/index.php?rest_route=%2Fwp%2Fv2%2Fmedia&parent=11174"}],"wp:term":[{"taxonomy":"product_brand","embeddable":true,"href":"https:\/\/www.rgequip.com\/index.php?rest_route=%2Fwp%2Fv2%2Fproduct_brand&post=11174"},{"taxonomy":"product_cat","embeddable":true,"href":"https:\/\/www.rgequip.com\/index.php?rest_route=%2Fwp%2Fv2%2Fproduct_cat&post=11174"},{"taxonomy":"product_tag","embeddable":true,"href":"https:\/\/www.rgequip.com\/index.php?rest_route=%2Fwp%2Fv2%2Fproduct_tag&post=11174"}],"curies":[{"name":"wp","href":"https:\/\/api.w.org\/{rel}","templated":true}]}}