{"id":11147,"date":"2019-10-15T13:08:34","date_gmt":"2019-10-15T11:08:34","guid":{"rendered":"https:\/\/www.rgequip.com\/?post_type=product&#038;p=11147"},"modified":"2019-10-15T13:47:37","modified_gmt":"2019-10-15T11:47:37","slug":"vitrine-refrigeree-evo-avec-vitre-bombee-24007851400","status":"publish","type":"product","link":"https:\/\/www.rgequip.com\/?product=vitrine-refrigeree-evo-avec-vitre-bombee-24007851400","title":{"rendered":"Vitrine R\u00e9frig\u00e9r\u00e9e Evo Avec Vitre Bomb\u00e9e 2400*785*1400"},"content":{"rendered":"<p>vitrine de p\u00e2tisserie \u00e0 r\u00e9frig\u00e9ration ventil\u00e9e sert\u00a0 pour la pr\u00e9sentation et la valorisation de produits de p\u00e2tisserie.<br \/>\nMais \u00e9galement pour la pr\u00e9sentation de plats cuisin\u00e9s pr\u00eats \u00e0 manger, de sandwichs et de plats froids etc.<br \/>\nAvec un design simple et \u00e9l\u00e9gant, r\u00e9sultat des nouvelles lignes esth\u00e9tiques<br \/>\nExcellente solution pour r\u00e9pondre aux diff\u00e9rents besoins des clients, gr\u00e2ce \u00e0 sa flexibilit\u00e9 d&#8217;utilisation et \u00e0 sa modularit\u00e9<br \/>\nLes vitres panoramiques incurv\u00e9es et les 3 \u00e9tag\u00e8res r\u00e9frig\u00e9r\u00e9es, toutes \u00e9quip\u00e9es d&#8217;un \u00e9clairage standard en plus de l&#8217;\u00e9clairage sup\u00e9rieur, offrent une grande visibilit\u00e9 sur les produits expos\u00e9s.<br \/>\nDisponible avec moteur int\u00e9gr\u00e9 et avec possibilit\u00e9 de groupe distant.<\/p>\n<ul>\n<li>temp\u00e9rature :+2\u00b0c\/+8\u00b0C<\/li>\n<li>niveaux d\u2019\u00e9tag\u00e8re \u00e9clair\u00e9s 350,300 et 250 mm<\/li>\n<\/ul>\n","protected":false},"excerpt":{"rendered":"<p>vitrine de p\u00e2tisserie \u00e0 r\u00e9frig\u00e9ration ventil\u00e9e sert\u00a0 pour la pr\u00e9sentation et la valorisation de produits de p\u00e2tisserie. Mais \u00e9galement pour<\/p>\n","protected":false},"featured_media":11154,"comment_status":"open","ping_status":"closed","template":"","meta":[],"product_brand":[],"product_cat":[268,290,272],"product_tag":[],"class_list":{"0":"post-11147","1":"product","2":"type-product","3":"status-publish","4":"has-post-thumbnail","6":"product_cat-froids","7":"product_cat-v-murale","8":"product_cat-vitrines","10":"first","11":"instock","12":"shipping-taxable","13":"product-type-simple"},"_links":{"self":[{"href":"https:\/\/www.rgequip.com\/index.php?rest_route=\/wp\/v2\/product\/11147","targetHints":{"allow":["GET"]}}],"collection":[{"href":"https:\/\/www.rgequip.com\/index.php?rest_route=\/wp\/v2\/product"}],"about":[{"href":"https:\/\/www.rgequip.com\/index.php?rest_route=\/wp\/v2\/types\/product"}],"replies":[{"embeddable":true,"href":"https:\/\/www.rgequip.com\/index.php?rest_route=%2Fwp%2Fv2%2Fcomments&post=11147"}],"version-history":[{"count":0,"href":"https:\/\/www.rgequip.com\/index.php?rest_route=\/wp\/v2\/product\/11147\/revisions"}],"wp:featuredmedia":[{"embeddable":true,"href":"https:\/\/www.rgequip.com\/index.php?rest_route=\/wp\/v2\/media\/11154"}],"wp:attachment":[{"href":"https:\/\/www.rgequip.com\/index.php?rest_route=%2Fwp%2Fv2%2Fmedia&parent=11147"}],"wp:term":[{"taxonomy":"product_brand","embeddable":true,"href":"https:\/\/www.rgequip.com\/index.php?rest_route=%2Fwp%2Fv2%2Fproduct_brand&post=11147"},{"taxonomy":"product_cat","embeddable":true,"href":"https:\/\/www.rgequip.com\/index.php?rest_route=%2Fwp%2Fv2%2Fproduct_cat&post=11147"},{"taxonomy":"product_tag","embeddable":true,"href":"https:\/\/www.rgequip.com\/index.php?rest_route=%2Fwp%2Fv2%2Fproduct_tag&post=11147"}],"curies":[{"name":"wp","href":"https:\/\/api.w.org\/{rel}","templated":true}]}}