{"id":10947,"date":"2019-10-11T14:58:36","date_gmt":"2019-10-11T12:58:36","guid":{"rendered":"https:\/\/www.rgequip.com\/?post_type=product&#038;p=10947"},"modified":"2019-10-17T18:28:57","modified_gmt":"2019-10-17T16:28:57","slug":"congelateur-a-bahut-1302715903","status":"publish","type":"product","link":"https:\/\/www.rgequip.com\/?product=congelateur-a-bahut-1302715903","title":{"rendered":"Cong\u00e9lateur \u00e0 Bahut 1302*715*903"},"content":{"rendered":"<p>Premi\u00e8rement, une grande\u00a0 Capacit\u00e9 de cong\u00e9lation rapide et \u00e9lev\u00e9e pour conserver les produits \u00e0 base de viande et de l\u00e9gumes \u00e0 long terme<br \/>\nDe plus il poss\u00e8de un Condenseur int\u00e9gr\u00e9 sans entretien<br \/>\nPanier standard<br \/>\nPorte-couvercle avec m\u00e9canisme de verrouillage int\u00e9gr\u00e9 \u00c9vacuation de l&#8217;eau<\/p>\n","protected":false},"excerpt":{"rendered":"<p>Premi\u00e8rement, une grande\u00a0 Capacit\u00e9 de cong\u00e9lation rapide et \u00e9lev\u00e9e pour conserver les produits \u00e0 base de viande et de l\u00e9gumes<\/p>\n","protected":false},"featured_media":11338,"comment_status":"open","ping_status":"closed","template":"","meta":[],"product_brand":[],"product_cat":[268,273],"product_tag":[],"class_list":{"0":"post-10947","1":"product","2":"type-product","3":"status-publish","4":"has-post-thumbnail","6":"product_cat-froids","7":"product_cat-congelateurs","9":"first","10":"instock","11":"shipping-taxable","12":"product-type-simple"},"_links":{"self":[{"href":"https:\/\/www.rgequip.com\/index.php?rest_route=\/wp\/v2\/product\/10947","targetHints":{"allow":["GET"]}}],"collection":[{"href":"https:\/\/www.rgequip.com\/index.php?rest_route=\/wp\/v2\/product"}],"about":[{"href":"https:\/\/www.rgequip.com\/index.php?rest_route=\/wp\/v2\/types\/product"}],"replies":[{"embeddable":true,"href":"https:\/\/www.rgequip.com\/index.php?rest_route=%2Fwp%2Fv2%2Fcomments&post=10947"}],"version-history":[{"count":0,"href":"https:\/\/www.rgequip.com\/index.php?rest_route=\/wp\/v2\/product\/10947\/revisions"}],"wp:featuredmedia":[{"embeddable":true,"href":"https:\/\/www.rgequip.com\/index.php?rest_route=\/wp\/v2\/media\/11338"}],"wp:attachment":[{"href":"https:\/\/www.rgequip.com\/index.php?rest_route=%2Fwp%2Fv2%2Fmedia&parent=10947"}],"wp:term":[{"taxonomy":"product_brand","embeddable":true,"href":"https:\/\/www.rgequip.com\/index.php?rest_route=%2Fwp%2Fv2%2Fproduct_brand&post=10947"},{"taxonomy":"product_cat","embeddable":true,"href":"https:\/\/www.rgequip.com\/index.php?rest_route=%2Fwp%2Fv2%2Fproduct_cat&post=10947"},{"taxonomy":"product_tag","embeddable":true,"href":"https:\/\/www.rgequip.com\/index.php?rest_route=%2Fwp%2Fv2%2Fproduct_tag&post=10947"}],"curies":[{"name":"wp","href":"https:\/\/api.w.org\/{rel}","templated":true}]}}