{"id":10486,"date":"2019-10-02T16:05:28","date_gmt":"2019-10-02T14:05:28","guid":{"rendered":"https:\/\/www.rgequip.com\/?post_type=product&#038;p=10486"},"modified":"2019-10-02T16:05:28","modified_gmt":"2019-10-02T14:05:28","slug":"etagere-en-acier-avec-pieds-demontables-et-reglable","status":"publish","type":"product","link":"https:\/\/www.rgequip.com\/?product=etagere-en-acier-avec-pieds-demontables-et-reglable","title":{"rendered":"\u00c9tag\u00e8re en Acier Avec pieds d\u00e9montables et r\u00e9glable"},"content":{"rendered":"<p><span>\u00a0Construction du produit en acier inoxydable<\/span><br \/>\n<span>* 4 tablettes et fa\u00e7ades 40 mm<\/span><br \/>\n<span>* Pieds de banquette profil\u00e9 40&#215;20 * Pieds<\/span><br \/>\n<span>r\u00e9glables en plastique pour joint \u00e0 rotule<\/span><\/p>\n","protected":false},"excerpt":{"rendered":"<p>\u00a0Construction du produit en acier inoxydable * 4 tablettes et fa\u00e7ades 40 mm * Pieds de banquette profil\u00e9 40&#215;20 *<\/p>\n","protected":false},"featured_media":10487,"comment_status":"open","ping_status":"closed","template":"","meta":[],"product_brand":[],"product_cat":[406,409],"product_tag":[],"class_list":{"0":"post-10486","1":"product","2":"type-product","3":"status-publish","4":"has-post-thumbnail","6":"product_cat-autres-inox","7":"product_cat-etagere-murale","9":"first","10":"instock","11":"shipping-taxable","12":"product-type-simple"},"_links":{"self":[{"href":"https:\/\/www.rgequip.com\/index.php?rest_route=\/wp\/v2\/product\/10486","targetHints":{"allow":["GET"]}}],"collection":[{"href":"https:\/\/www.rgequip.com\/index.php?rest_route=\/wp\/v2\/product"}],"about":[{"href":"https:\/\/www.rgequip.com\/index.php?rest_route=\/wp\/v2\/types\/product"}],"replies":[{"embeddable":true,"href":"https:\/\/www.rgequip.com\/index.php?rest_route=%2Fwp%2Fv2%2Fcomments&post=10486"}],"version-history":[{"count":0,"href":"https:\/\/www.rgequip.com\/index.php?rest_route=\/wp\/v2\/product\/10486\/revisions"}],"wp:featuredmedia":[{"embeddable":true,"href":"https:\/\/www.rgequip.com\/index.php?rest_route=\/wp\/v2\/media\/10487"}],"wp:attachment":[{"href":"https:\/\/www.rgequip.com\/index.php?rest_route=%2Fwp%2Fv2%2Fmedia&parent=10486"}],"wp:term":[{"taxonomy":"product_brand","embeddable":true,"href":"https:\/\/www.rgequip.com\/index.php?rest_route=%2Fwp%2Fv2%2Fproduct_brand&post=10486"},{"taxonomy":"product_cat","embeddable":true,"href":"https:\/\/www.rgequip.com\/index.php?rest_route=%2Fwp%2Fv2%2Fproduct_cat&post=10486"},{"taxonomy":"product_tag","embeddable":true,"href":"https:\/\/www.rgequip.com\/index.php?rest_route=%2Fwp%2Fv2%2Fproduct_tag&post=10486"}],"curies":[{"name":"wp","href":"https:\/\/api.w.org\/{rel}","templated":true}]}}