{"id":10482,"date":"2019-10-02T16:01:34","date_gmt":"2019-10-02T14:01:34","guid":{"rendered":"https:\/\/www.rgequip.com\/?post_type=product&#038;p=10482"},"modified":"2019-10-14T14:47:03","modified_gmt":"2019-10-14T12:47:03","slug":"rayonnage-avec-5-etageres","status":"publish","type":"product","link":"https:\/\/www.rgequip.com\/?product=rayonnage-avec-5-etageres","title":{"rendered":"RAYONNAGE AVEC 5 \u00c9TAG\u00c8RES"},"content":{"rendered":"<p>Max. poids par plateau 80 kg<br \/>\nEquip\u00e9 des pieds r\u00e9glables<br \/>\nEn fer chrom\u00e9<\/p>\n","protected":false},"excerpt":{"rendered":"<p>Max. poids par plateau 80 kg Equip\u00e9 des pieds r\u00e9glables En fer chrom\u00e9<\/p>\n","protected":false},"featured_media":11091,"comment_status":"open","ping_status":"closed","template":"","meta":[],"product_brand":[],"product_cat":[406,409],"product_tag":[],"class_list":{"0":"post-10482","1":"product","2":"type-product","3":"status-publish","4":"has-post-thumbnail","6":"product_cat-autres-inox","7":"product_cat-etagere-murale","9":"first","10":"instock","11":"shipping-taxable","12":"product-type-simple"},"_links":{"self":[{"href":"https:\/\/www.rgequip.com\/index.php?rest_route=\/wp\/v2\/product\/10482","targetHints":{"allow":["GET"]}}],"collection":[{"href":"https:\/\/www.rgequip.com\/index.php?rest_route=\/wp\/v2\/product"}],"about":[{"href":"https:\/\/www.rgequip.com\/index.php?rest_route=\/wp\/v2\/types\/product"}],"replies":[{"embeddable":true,"href":"https:\/\/www.rgequip.com\/index.php?rest_route=%2Fwp%2Fv2%2Fcomments&post=10482"}],"version-history":[{"count":0,"href":"https:\/\/www.rgequip.com\/index.php?rest_route=\/wp\/v2\/product\/10482\/revisions"}],"wp:featuredmedia":[{"embeddable":true,"href":"https:\/\/www.rgequip.com\/index.php?rest_route=\/wp\/v2\/media\/11091"}],"wp:attachment":[{"href":"https:\/\/www.rgequip.com\/index.php?rest_route=%2Fwp%2Fv2%2Fmedia&parent=10482"}],"wp:term":[{"taxonomy":"product_brand","embeddable":true,"href":"https:\/\/www.rgequip.com\/index.php?rest_route=%2Fwp%2Fv2%2Fproduct_brand&post=10482"},{"taxonomy":"product_cat","embeddable":true,"href":"https:\/\/www.rgequip.com\/index.php?rest_route=%2Fwp%2Fv2%2Fproduct_cat&post=10482"},{"taxonomy":"product_tag","embeddable":true,"href":"https:\/\/www.rgequip.com\/index.php?rest_route=%2Fwp%2Fv2%2Fproduct_tag&post=10482"}],"curies":[{"name":"wp","href":"https:\/\/api.w.org\/{rel}","templated":true}]}}