{"id":10480,"date":"2019-10-02T15:57:13","date_gmt":"2019-10-02T13:57:13","guid":{"rendered":"https:\/\/www.rgequip.com\/?post_type=product&#038;p=10480"},"modified":"2019-10-02T15:57:57","modified_gmt":"2019-10-02T13:57:57","slug":"plaque-en-aluminium-600400","status":"publish","type":"product","link":"https:\/\/www.rgequip.com\/?product=plaque-en-aluminium-600400","title":{"rendered":"Plaque En Aluminium 600*400"},"content":{"rendered":"<p>Po\u00eale Perfor\u00e9e Italienne 53X32.5 Cm Aluminium 2 Mm Sans Rev\u00eatement<\/p>\n","protected":false},"excerpt":{"rendered":"<p>Po\u00eale Perfor\u00e9e Italienne 53X32.5 Cm Aluminium 2 Mm Sans Rev\u00eatement<\/p>\n","protected":false},"featured_media":10481,"comment_status":"open","ping_status":"closed","template":"","meta":[],"product_brand":[],"product_cat":[331,335],"product_tag":[],"class_list":{"0":"post-10480","1":"product","2":"type-product","3":"status-publish","4":"has-post-thumbnail","6":"product_cat-service-petit-dejeuner","7":"product_cat-plateaux","9":"first","10":"instock","11":"shipping-taxable","12":"product-type-simple"},"_links":{"self":[{"href":"https:\/\/www.rgequip.com\/index.php?rest_route=\/wp\/v2\/product\/10480","targetHints":{"allow":["GET"]}}],"collection":[{"href":"https:\/\/www.rgequip.com\/index.php?rest_route=\/wp\/v2\/product"}],"about":[{"href":"https:\/\/www.rgequip.com\/index.php?rest_route=\/wp\/v2\/types\/product"}],"replies":[{"embeddable":true,"href":"https:\/\/www.rgequip.com\/index.php?rest_route=%2Fwp%2Fv2%2Fcomments&post=10480"}],"version-history":[{"count":0,"href":"https:\/\/www.rgequip.com\/index.php?rest_route=\/wp\/v2\/product\/10480\/revisions"}],"wp:featuredmedia":[{"embeddable":true,"href":"https:\/\/www.rgequip.com\/index.php?rest_route=\/wp\/v2\/media\/10481"}],"wp:attachment":[{"href":"https:\/\/www.rgequip.com\/index.php?rest_route=%2Fwp%2Fv2%2Fmedia&parent=10480"}],"wp:term":[{"taxonomy":"product_brand","embeddable":true,"href":"https:\/\/www.rgequip.com\/index.php?rest_route=%2Fwp%2Fv2%2Fproduct_brand&post=10480"},{"taxonomy":"product_cat","embeddable":true,"href":"https:\/\/www.rgequip.com\/index.php?rest_route=%2Fwp%2Fv2%2Fproduct_cat&post=10480"},{"taxonomy":"product_tag","embeddable":true,"href":"https:\/\/www.rgequip.com\/index.php?rest_route=%2Fwp%2Fv2%2Fproduct_tag&post=10480"}],"curies":[{"name":"wp","href":"https:\/\/api.w.org\/{rel}","templated":true}]}}