{"id":10462,"date":"2019-10-02T13:36:28","date_gmt":"2019-10-02T11:36:28","guid":{"rendered":"https:\/\/www.rgequip.com\/?post_type=product&#038;p=10462"},"modified":"2019-10-02T16:49:56","modified_gmt":"2019-10-02T14:49:56","slug":"plateau-en-acajou-ovale-29521-mm","status":"publish","type":"product","link":"https:\/\/www.rgequip.com\/?product=plateau-en-acajou-ovale-29521-mm","title":{"rendered":"Plateau En Acajou ovale 29*5*21 mm"},"content":{"rendered":"<p>Couleur acajou<br \/>\nDe plus il est Stratifi\u00e9 et renforc\u00e9 avec du bois et une couche antid\u00e9rapante<br \/>\nR\u00e9sistant aux chocs et f\u00ealures<br \/>\nMat\u00e9riel garanti 5 ans<\/p>\n<p>Ovale<\/p>\n","protected":false},"excerpt":{"rendered":"<p>Couleur acajou De plus il est Stratifi\u00e9 et renforc\u00e9 avec du bois et une couche antid\u00e9rapante R\u00e9sistant aux chocs et<\/p>\n","protected":false},"featured_media":10491,"comment_status":"open","ping_status":"closed","template":"","meta":[],"product_brand":[],"product_cat":[337,340,355],"product_tag":[],"class_list":{"0":"post-10462","1":"product","2":"type-product","3":"status-publish","4":"has-post-thumbnail","6":"product_cat-preparation","7":"product_cat-accessoires-preparation","8":"product_cat-ustensils","10":"first","11":"instock","12":"shipping-taxable","13":"product-type-simple"},"_links":{"self":[{"href":"https:\/\/www.rgequip.com\/index.php?rest_route=\/wp\/v2\/product\/10462","targetHints":{"allow":["GET"]}}],"collection":[{"href":"https:\/\/www.rgequip.com\/index.php?rest_route=\/wp\/v2\/product"}],"about":[{"href":"https:\/\/www.rgequip.com\/index.php?rest_route=\/wp\/v2\/types\/product"}],"replies":[{"embeddable":true,"href":"https:\/\/www.rgequip.com\/index.php?rest_route=%2Fwp%2Fv2%2Fcomments&post=10462"}],"version-history":[{"count":0,"href":"https:\/\/www.rgequip.com\/index.php?rest_route=\/wp\/v2\/product\/10462\/revisions"}],"wp:featuredmedia":[{"embeddable":true,"href":"https:\/\/www.rgequip.com\/index.php?rest_route=\/wp\/v2\/media\/10491"}],"wp:attachment":[{"href":"https:\/\/www.rgequip.com\/index.php?rest_route=%2Fwp%2Fv2%2Fmedia&parent=10462"}],"wp:term":[{"taxonomy":"product_brand","embeddable":true,"href":"https:\/\/www.rgequip.com\/index.php?rest_route=%2Fwp%2Fv2%2Fproduct_brand&post=10462"},{"taxonomy":"product_cat","embeddable":true,"href":"https:\/\/www.rgequip.com\/index.php?rest_route=%2Fwp%2Fv2%2Fproduct_cat&post=10462"},{"taxonomy":"product_tag","embeddable":true,"href":"https:\/\/www.rgequip.com\/index.php?rest_route=%2Fwp%2Fv2%2Fproduct_tag&post=10462"}],"curies":[{"name":"wp","href":"https:\/\/api.w.org\/{rel}","templated":true}]}}