{"id":10386,"date":"2019-10-01T16:52:23","date_gmt":"2019-10-01T14:52:23","guid":{"rendered":"https:\/\/www.rgequip.com\/?post_type=product&#038;p=10386"},"modified":"2019-10-01T16:52:23","modified_gmt":"2019-10-01T14:52:23","slug":"bac-a-glacons-silicone-bleu-45-x-35-x-25-cm","status":"publish","type":"product","link":"https:\/\/www.rgequip.com\/?product=bac-a-glacons-silicone-bleu-45-x-35-x-25-cm","title":{"rendered":"Bac \u00e0 Gla\u00e7ons Silicone Bleu 45 x 35 x 25 cm"},"content":{"rendered":"<p>Le bac \u00e0 glace parfait pour tous les jours ! Capacit\u00e9 maximale, stabilit\u00e9 et d\u00e9moulage facile.<\/p>\n","protected":false},"excerpt":{"rendered":"<p>Le bac \u00e0 glace parfait pour tous les jours ! Capacit\u00e9 maximale, stabilit\u00e9 et d\u00e9moulage facile.<\/p>\n","protected":false},"featured_media":10389,"comment_status":"open","ping_status":"closed","template":"","meta":[],"product_brand":[],"product_cat":[268,275],"product_tag":[],"class_list":{"0":"post-10386","1":"product","2":"type-product","3":"status-publish","4":"has-post-thumbnail","6":"product_cat-froids","7":"product_cat-machine-a-glacon","9":"first","10":"instock","11":"shipping-taxable","12":"product-type-simple"},"_links":{"self":[{"href":"https:\/\/www.rgequip.com\/index.php?rest_route=\/wp\/v2\/product\/10386","targetHints":{"allow":["GET"]}}],"collection":[{"href":"https:\/\/www.rgequip.com\/index.php?rest_route=\/wp\/v2\/product"}],"about":[{"href":"https:\/\/www.rgequip.com\/index.php?rest_route=\/wp\/v2\/types\/product"}],"replies":[{"embeddable":true,"href":"https:\/\/www.rgequip.com\/index.php?rest_route=%2Fwp%2Fv2%2Fcomments&post=10386"}],"version-history":[{"count":0,"href":"https:\/\/www.rgequip.com\/index.php?rest_route=\/wp\/v2\/product\/10386\/revisions"}],"wp:featuredmedia":[{"embeddable":true,"href":"https:\/\/www.rgequip.com\/index.php?rest_route=\/wp\/v2\/media\/10389"}],"wp:attachment":[{"href":"https:\/\/www.rgequip.com\/index.php?rest_route=%2Fwp%2Fv2%2Fmedia&parent=10386"}],"wp:term":[{"taxonomy":"product_brand","embeddable":true,"href":"https:\/\/www.rgequip.com\/index.php?rest_route=%2Fwp%2Fv2%2Fproduct_brand&post=10386"},{"taxonomy":"product_cat","embeddable":true,"href":"https:\/\/www.rgequip.com\/index.php?rest_route=%2Fwp%2Fv2%2Fproduct_cat&post=10386"},{"taxonomy":"product_tag","embeddable":true,"href":"https:\/\/www.rgequip.com\/index.php?rest_route=%2Fwp%2Fv2%2Fproduct_tag&post=10386"}],"curies":[{"name":"wp","href":"https:\/\/api.w.org\/{rel}","templated":true}]}}