{"id":10384,"date":"2019-10-01T16:43:31","date_gmt":"2019-10-01T14:43:31","guid":{"rendered":"https:\/\/www.rgequip.com\/?post_type=product&#038;p=10384"},"modified":"2019-10-14T16:54:12","modified_gmt":"2019-10-14T14:54:12","slug":"cercle-a-patisserie-rond","status":"publish","type":"product","link":"https:\/\/www.rgequip.com\/?product=cercle-a-patisserie-rond","title":{"rendered":"CERCLE \u00c0 P\u00c2TISSERIE &#8211; ROND"},"content":{"rendered":"<p>On en diff\u00e9rencie 4 grandes cat\u00e9gories de\u00a0<strong>cercle \u00e0 P\u00e2tisserie<\/strong>\u00a0: les\u00a0<strong>cercles \u00e0 tarte<\/strong>, les\u00a0<strong>cercles \u00e0 mousse<\/strong>, les\u00a0<strong>cercles \u00e0 entremet<\/strong>\u00a0et les\u00a0<strong>cercles \u00e0 vacherin<\/strong>. Le\u00a0<strong>Cercle \u00e0 Tarte<\/strong>\u00a0est le\u00a0<strong>cercle \u00e0 p\u00e2<\/strong><strong>tisserie<\/strong><strong>\u00a0<\/strong>le plus utilis\u00e9. D&#8217;une hauteur de 2 cm, ce cercle vous permettra de r\u00e9aliser tout type de tarte. Ensuite on trouve les cercles \u00e0 entremet (H 3,5 cm), cercles \u00e0 mousse (H 4,5 cm) et cercles \u00e0 vacherin (H 6 cm). L&#8217;appellation cercle \u00e0 bavarois est \u00e9galement courante pour le cercle \u00e0 entremet.<br \/>\nInox &#8211; \u00e9paisseur 1,5 mm.<\/p>\n","protected":false},"excerpt":{"rendered":"<p>On en diff\u00e9rencie 4 grandes cat\u00e9gories de\u00a0cercle \u00e0 P\u00e2tisserie\u00a0: les\u00a0cercles \u00e0 tarte, les\u00a0cercles \u00e0 mousse, les\u00a0cercles \u00e0 entremet\u00a0et les\u00a0cercles \u00e0<\/p>\n","protected":false},"featured_media":11100,"comment_status":"open","ping_status":"closed","template":"","meta":[],"product_brand":[],"product_cat":[369,375],"product_tag":[],"class_list":{"0":"post-10384","1":"product","2":"type-product","3":"status-publish","4":"has-post-thumbnail","6":"product_cat-boulangerie","7":"product_cat-patisserie-et-specialistes","9":"first","10":"instock","11":"shipping-taxable","12":"product-type-simple"},"_links":{"self":[{"href":"https:\/\/www.rgequip.com\/index.php?rest_route=\/wp\/v2\/product\/10384","targetHints":{"allow":["GET"]}}],"collection":[{"href":"https:\/\/www.rgequip.com\/index.php?rest_route=\/wp\/v2\/product"}],"about":[{"href":"https:\/\/www.rgequip.com\/index.php?rest_route=\/wp\/v2\/types\/product"}],"replies":[{"embeddable":true,"href":"https:\/\/www.rgequip.com\/index.php?rest_route=%2Fwp%2Fv2%2Fcomments&post=10384"}],"version-history":[{"count":0,"href":"https:\/\/www.rgequip.com\/index.php?rest_route=\/wp\/v2\/product\/10384\/revisions"}],"wp:featuredmedia":[{"embeddable":true,"href":"https:\/\/www.rgequip.com\/index.php?rest_route=\/wp\/v2\/media\/11100"}],"wp:attachment":[{"href":"https:\/\/www.rgequip.com\/index.php?rest_route=%2Fwp%2Fv2%2Fmedia&parent=10384"}],"wp:term":[{"taxonomy":"product_brand","embeddable":true,"href":"https:\/\/www.rgequip.com\/index.php?rest_route=%2Fwp%2Fv2%2Fproduct_brand&post=10384"},{"taxonomy":"product_cat","embeddable":true,"href":"https:\/\/www.rgequip.com\/index.php?rest_route=%2Fwp%2Fv2%2Fproduct_cat&post=10384"},{"taxonomy":"product_tag","embeddable":true,"href":"https:\/\/www.rgequip.com\/index.php?rest_route=%2Fwp%2Fv2%2Fproduct_tag&post=10384"}],"curies":[{"name":"wp","href":"https:\/\/api.w.org\/{rel}","templated":true}]}}