{"id":10376,"date":"2019-10-01T14:53:47","date_gmt":"2019-10-01T12:53:47","guid":{"rendered":"https:\/\/www.rgequip.com\/?post_type=product&#038;p=10376"},"modified":"2020-09-04T18:02:39","modified_gmt":"2020-09-04T16:02:39","slug":"thermometre-digital-avec-sonde","status":"publish","type":"product","link":"https:\/\/www.rgequip.com\/?product=thermometre-digital-avec-sonde","title":{"rendered":"THERMOM\u00c8TRE DIGITAL AVEC SONDE"},"content":{"rendered":"<p>Donne rapidement la temp\u00e9rature pr\u00e9cise.<br \/>\nIP65 waterproof.<br \/>\nPlage de temp\u00e9rature: -50\u00b0C \u00e0 350\u00b0C.<br \/>\nUnit\u00e9 de mesure: \u00b0C ou \u00b0F.<br \/>\nGraduation: 0,1\u00b0C, pr\u00e9cision \u00b10,8%\/0,8\u02daC.<br \/>\nLa fonction \u201ehold\u201d (attente) \u2013 garde la valeur de la temp\u00e9rature momentan\u00e9e.<br \/>\nSonde en acier inoxydable 130 mm.<br \/>\nArr\u00eat automatique.<br \/>\nAvec une protection pour la sonde.<br \/>\nLivr\u00e9 avec pile.<\/p>\n","protected":false},"excerpt":{"rendered":"<p>Donne rapidement la temp\u00e9rature pr\u00e9cise. IP65 waterproof. Plage de temp\u00e9rature: -50\u00b0C \u00e0 350\u00b0C. Unit\u00e9 de mesure: \u00b0C ou \u00b0F. Graduation:<\/p>\n","protected":false},"featured_media":10377,"comment_status":"open","ping_status":"closed","template":"","meta":[],"product_brand":[],"product_cat":[337,341,358],"product_tag":[],"class_list":{"0":"post-10376","1":"product","2":"type-product","3":"status-publish","4":"has-post-thumbnail","6":"product_cat-preparation","7":"product_cat-poids-mesures","8":"product_cat-thermometres","10":"first","11":"instock","12":"shipping-taxable","13":"product-type-simple"},"_links":{"self":[{"href":"https:\/\/www.rgequip.com\/index.php?rest_route=\/wp\/v2\/product\/10376","targetHints":{"allow":["GET"]}}],"collection":[{"href":"https:\/\/www.rgequip.com\/index.php?rest_route=\/wp\/v2\/product"}],"about":[{"href":"https:\/\/www.rgequip.com\/index.php?rest_route=\/wp\/v2\/types\/product"}],"replies":[{"embeddable":true,"href":"https:\/\/www.rgequip.com\/index.php?rest_route=%2Fwp%2Fv2%2Fcomments&post=10376"}],"version-history":[{"count":0,"href":"https:\/\/www.rgequip.com\/index.php?rest_route=\/wp\/v2\/product\/10376\/revisions"}],"wp:featuredmedia":[{"embeddable":true,"href":"https:\/\/www.rgequip.com\/index.php?rest_route=\/wp\/v2\/media\/10377"}],"wp:attachment":[{"href":"https:\/\/www.rgequip.com\/index.php?rest_route=%2Fwp%2Fv2%2Fmedia&parent=10376"}],"wp:term":[{"taxonomy":"product_brand","embeddable":true,"href":"https:\/\/www.rgequip.com\/index.php?rest_route=%2Fwp%2Fv2%2Fproduct_brand&post=10376"},{"taxonomy":"product_cat","embeddable":true,"href":"https:\/\/www.rgequip.com\/index.php?rest_route=%2Fwp%2Fv2%2Fproduct_cat&post=10376"},{"taxonomy":"product_tag","embeddable":true,"href":"https:\/\/www.rgequip.com\/index.php?rest_route=%2Fwp%2Fv2%2Fproduct_tag&post=10376"}],"curies":[{"name":"wp","href":"https:\/\/api.w.org\/{rel}","templated":true}]}}