{"id":10352,"date":"2019-10-01T13:18:25","date_gmt":"2019-10-01T11:18:25","guid":{"rendered":"https:\/\/www.rgequip.com\/?post_type=product&#038;p=10352"},"modified":"2019-10-01T13:19:15","modified_gmt":"2019-10-01T11:19:15","slug":"disques-a-raper","status":"publish","type":"product","link":"https:\/\/www.rgequip.com\/?product=disques-a-raper","title":{"rendered":"DISQUES \u00c0 R\u00c2PER"},"content":{"rendered":"<p>Disque \u00e0 Raper<\/p>\n<p>Id\u00e9ale Pour coupe-l\u00e9gumes<\/p>\n<p>Convient pour toutes sortes de l\u00e9gumes ( carottes, choux c\u00e9leri, poireau etc)<\/p>\n","protected":false},"excerpt":{"rendered":"<p>Disque \u00e0 Raper Id\u00e9ale Pour coupe-l\u00e9gumes Convient pour toutes sortes de l\u00e9gumes ( carottes, choux c\u00e9leri, poireau etc)<\/p>\n","protected":false},"featured_media":10353,"comment_status":"open","ping_status":"closed","template":"","meta":[],"product_brand":[],"product_cat":[337,364,344],"product_tag":[],"class_list":{"0":"post-10352","1":"product","2":"type-product","3":"status-publish","4":"has-post-thumbnail","6":"product_cat-preparation","7":"product_cat-coupe-legumes-travail-des-legumes","8":"product_cat-travail-des-legumes","10":"first","11":"instock","12":"shipping-taxable","13":"product-type-simple"},"_links":{"self":[{"href":"https:\/\/www.rgequip.com\/index.php?rest_route=\/wp\/v2\/product\/10352","targetHints":{"allow":["GET"]}}],"collection":[{"href":"https:\/\/www.rgequip.com\/index.php?rest_route=\/wp\/v2\/product"}],"about":[{"href":"https:\/\/www.rgequip.com\/index.php?rest_route=\/wp\/v2\/types\/product"}],"replies":[{"embeddable":true,"href":"https:\/\/www.rgequip.com\/index.php?rest_route=%2Fwp%2Fv2%2Fcomments&post=10352"}],"version-history":[{"count":0,"href":"https:\/\/www.rgequip.com\/index.php?rest_route=\/wp\/v2\/product\/10352\/revisions"}],"wp:featuredmedia":[{"embeddable":true,"href":"https:\/\/www.rgequip.com\/index.php?rest_route=\/wp\/v2\/media\/10353"}],"wp:attachment":[{"href":"https:\/\/www.rgequip.com\/index.php?rest_route=%2Fwp%2Fv2%2Fmedia&parent=10352"}],"wp:term":[{"taxonomy":"product_brand","embeddable":true,"href":"https:\/\/www.rgequip.com\/index.php?rest_route=%2Fwp%2Fv2%2Fproduct_brand&post=10352"},{"taxonomy":"product_cat","embeddable":true,"href":"https:\/\/www.rgequip.com\/index.php?rest_route=%2Fwp%2Fv2%2Fproduct_cat&post=10352"},{"taxonomy":"product_tag","embeddable":true,"href":"https:\/\/www.rgequip.com\/index.php?rest_route=%2Fwp%2Fv2%2Fproduct_tag&post=10352"}],"curies":[{"name":"wp","href":"https:\/\/api.w.org\/{rel}","templated":true}]}}