{"id":10350,"date":"2019-10-01T13:14:07","date_gmt":"2019-10-01T11:14:07","guid":{"rendered":"https:\/\/www.rgequip.com\/?post_type=product&#038;p=10350"},"modified":"2019-10-01T13:14:07","modified_gmt":"2019-10-01T11:14:07","slug":"disque-a-julienne","status":"publish","type":"product","link":"https:\/\/www.rgequip.com\/?product=disque-a-julienne","title":{"rendered":"DISQUE \u00c0 JULIENNE"},"content":{"rendered":"<p>Disque de d\u00e9coupe \u00e0 la julienne<\/p>\n<p>Id\u00e9ale Pour coupe-l\u00e9gumes<\/p>\n","protected":false},"excerpt":{"rendered":"<p>Disque de d\u00e9coupe \u00e0 la julienne Id\u00e9ale Pour coupe-l\u00e9gumes<\/p>\n","protected":false},"featured_media":10351,"comment_status":"open","ping_status":"closed","template":"","meta":[],"product_brand":[],"product_cat":[337,364,344],"product_tag":[],"class_list":{"0":"post-10350","1":"product","2":"type-product","3":"status-publish","4":"has-post-thumbnail","6":"product_cat-preparation","7":"product_cat-coupe-legumes-travail-des-legumes","8":"product_cat-travail-des-legumes","10":"first","11":"instock","12":"shipping-taxable","13":"product-type-simple"},"_links":{"self":[{"href":"https:\/\/www.rgequip.com\/index.php?rest_route=\/wp\/v2\/product\/10350","targetHints":{"allow":["GET"]}}],"collection":[{"href":"https:\/\/www.rgequip.com\/index.php?rest_route=\/wp\/v2\/product"}],"about":[{"href":"https:\/\/www.rgequip.com\/index.php?rest_route=\/wp\/v2\/types\/product"}],"replies":[{"embeddable":true,"href":"https:\/\/www.rgequip.com\/index.php?rest_route=%2Fwp%2Fv2%2Fcomments&post=10350"}],"version-history":[{"count":0,"href":"https:\/\/www.rgequip.com\/index.php?rest_route=\/wp\/v2\/product\/10350\/revisions"}],"wp:featuredmedia":[{"embeddable":true,"href":"https:\/\/www.rgequip.com\/index.php?rest_route=\/wp\/v2\/media\/10351"}],"wp:attachment":[{"href":"https:\/\/www.rgequip.com\/index.php?rest_route=%2Fwp%2Fv2%2Fmedia&parent=10350"}],"wp:term":[{"taxonomy":"product_brand","embeddable":true,"href":"https:\/\/www.rgequip.com\/index.php?rest_route=%2Fwp%2Fv2%2Fproduct_brand&post=10350"},{"taxonomy":"product_cat","embeddable":true,"href":"https:\/\/www.rgequip.com\/index.php?rest_route=%2Fwp%2Fv2%2Fproduct_cat&post=10350"},{"taxonomy":"product_tag","embeddable":true,"href":"https:\/\/www.rgequip.com\/index.php?rest_route=%2Fwp%2Fv2%2Fproduct_tag&post=10350"}],"curies":[{"name":"wp","href":"https:\/\/api.w.org\/{rel}","templated":true}]}}