{"id":10346,"date":"2019-10-01T13:08:58","date_gmt":"2019-10-01T11:08:58","guid":{"rendered":"https:\/\/www.rgequip.com\/?post_type=product&#038;p=10346"},"modified":"2019-10-01T13:08:58","modified_gmt":"2019-10-01T11:08:58","slug":"toaster","status":"publish","type":"product","link":"https:\/\/www.rgequip.com\/?product=toaster","title":{"rendered":"TOASTER"},"content":{"rendered":"<p>Ext\u00e9rieur en acier inoxydable.<br \/>\nDes pinces avec poign\u00e9es isol\u00e9es fait en r\u00e9sine PF.<br \/>\nLes fentes \u00e0 gauche et \u00e0 droite sont utilisable s\u00e9par\u00e9ment.<br \/>\nMinuteur r\u00e9glable avec alarme jusqu&#8217;\u00e0 8 minutes maximum.<br \/>\nTiroir pour miettes amovible.<\/p>\n","protected":false},"excerpt":{"rendered":"<p>Ext\u00e9rieur en acier inoxydable. Des pinces avec poign\u00e9es isol\u00e9es fait en r\u00e9sine PF. Les fentes \u00e0 gauche et \u00e0 droite<\/p>\n","protected":false},"featured_media":10347,"comment_status":"open","ping_status":"closed","template":"","meta":[],"product_brand":[],"product_cat":[226,249,231],"product_tag":[],"class_list":{"0":"post-10346","1":"product","2":"type-product","3":"status-publish","4":"has-post-thumbnail","6":"product_cat-cuisson","7":"product_cat-t-professionnel","8":"product_cat-toaster","10":"first","11":"instock","12":"shipping-taxable","13":"product-type-simple"},"_links":{"self":[{"href":"https:\/\/www.rgequip.com\/index.php?rest_route=\/wp\/v2\/product\/10346","targetHints":{"allow":["GET"]}}],"collection":[{"href":"https:\/\/www.rgequip.com\/index.php?rest_route=\/wp\/v2\/product"}],"about":[{"href":"https:\/\/www.rgequip.com\/index.php?rest_route=\/wp\/v2\/types\/product"}],"replies":[{"embeddable":true,"href":"https:\/\/www.rgequip.com\/index.php?rest_route=%2Fwp%2Fv2%2Fcomments&post=10346"}],"version-history":[{"count":0,"href":"https:\/\/www.rgequip.com\/index.php?rest_route=\/wp\/v2\/product\/10346\/revisions"}],"wp:featuredmedia":[{"embeddable":true,"href":"https:\/\/www.rgequip.com\/index.php?rest_route=\/wp\/v2\/media\/10347"}],"wp:attachment":[{"href":"https:\/\/www.rgequip.com\/index.php?rest_route=%2Fwp%2Fv2%2Fmedia&parent=10346"}],"wp:term":[{"taxonomy":"product_brand","embeddable":true,"href":"https:\/\/www.rgequip.com\/index.php?rest_route=%2Fwp%2Fv2%2Fproduct_brand&post=10346"},{"taxonomy":"product_cat","embeddable":true,"href":"https:\/\/www.rgequip.com\/index.php?rest_route=%2Fwp%2Fv2%2Fproduct_cat&post=10346"},{"taxonomy":"product_tag","embeddable":true,"href":"https:\/\/www.rgequip.com\/index.php?rest_route=%2Fwp%2Fv2%2Fproduct_tag&post=10346"}],"curies":[{"name":"wp","href":"https:\/\/api.w.org\/{rel}","templated":true}]}}