{"id":10336,"date":"2019-10-01T12:50:25","date_gmt":"2019-10-01T10:50:25","guid":{"rendered":"https:\/\/www.rgequip.com\/?post_type=product&#038;p=10336"},"modified":"2019-10-01T12:50:25","modified_gmt":"2019-10-01T10:50:25","slug":"distributeur-de-boissons-420l","status":"publish","type":"product","link":"https:\/\/www.rgequip.com\/?product=distributeur-de-boissons-420l","title":{"rendered":"Distributeur De Boissons 4*20L"},"content":{"rendered":"<div><span>Fournit un affichage parfait pour les boissons et l&#8217;ayran<\/span><\/div>\n<div><span>Diverses options de volume pour les boissons \u00e0 consistance \u00e9lev\u00e9e et faible<\/span><\/div>\n<div><span>R\u00e9servoir transparent et corps en acier pouvant servir \u00e0 l&#8217;application de la marque<\/span><\/div>\n<div><span>Pi\u00e8ces s\u00e9parables permettant un nettoyage efficace<\/span><\/div>\n","protected":false},"excerpt":{"rendered":"<p>Fournit un affichage parfait pour les boissons et l&#8217;ayran Diverses options de volume pour les boissons \u00e0 consistance \u00e9lev\u00e9e et<\/p>\n","protected":false},"featured_media":10340,"comment_status":"open","ping_status":"closed","template":"","meta":[],"product_brand":[],"product_cat":[314,326,323],"product_tag":[],"class_list":{"0":"post-10336","1":"product","2":"type-product","3":"status-publish","4":"has-post-thumbnail","6":"product_cat-cafe-bar","7":"product_cat-distributeurs-de-boissons","8":"product_cat-jus-de-fruit","10":"first","11":"instock","12":"shipping-taxable","13":"product-type-simple"},"_links":{"self":[{"href":"https:\/\/www.rgequip.com\/index.php?rest_route=\/wp\/v2\/product\/10336","targetHints":{"allow":["GET"]}}],"collection":[{"href":"https:\/\/www.rgequip.com\/index.php?rest_route=\/wp\/v2\/product"}],"about":[{"href":"https:\/\/www.rgequip.com\/index.php?rest_route=\/wp\/v2\/types\/product"}],"replies":[{"embeddable":true,"href":"https:\/\/www.rgequip.com\/index.php?rest_route=%2Fwp%2Fv2%2Fcomments&post=10336"}],"version-history":[{"count":0,"href":"https:\/\/www.rgequip.com\/index.php?rest_route=\/wp\/v2\/product\/10336\/revisions"}],"wp:featuredmedia":[{"embeddable":true,"href":"https:\/\/www.rgequip.com\/index.php?rest_route=\/wp\/v2\/media\/10340"}],"wp:attachment":[{"href":"https:\/\/www.rgequip.com\/index.php?rest_route=%2Fwp%2Fv2%2Fmedia&parent=10336"}],"wp:term":[{"taxonomy":"product_brand","embeddable":true,"href":"https:\/\/www.rgequip.com\/index.php?rest_route=%2Fwp%2Fv2%2Fproduct_brand&post=10336"},{"taxonomy":"product_cat","embeddable":true,"href":"https:\/\/www.rgequip.com\/index.php?rest_route=%2Fwp%2Fv2%2Fproduct_cat&post=10336"},{"taxonomy":"product_tag","embeddable":true,"href":"https:\/\/www.rgequip.com\/index.php?rest_route=%2Fwp%2Fv2%2Fproduct_tag&post=10336"}],"curies":[{"name":"wp","href":"https:\/\/api.w.org\/{rel}","templated":true}]}}