{"id":10329,"date":"2019-10-01T12:27:45","date_gmt":"2019-10-01T10:27:45","guid":{"rendered":"https:\/\/www.rgequip.com\/?post_type=product&#038;p=10329"},"modified":"2019-10-01T12:28:08","modified_gmt":"2019-10-01T10:28:08","slug":"armoire-refrigeree-negative-610-l","status":"publish","type":"product","link":"https:\/\/www.rgequip.com\/?product=armoire-refrigeree-negative-610-l","title":{"rendered":"Armoire R\u00e9frig\u00e9r\u00e9e N\u00e9gative 610 L"},"content":{"rendered":"<p>Cong\u00e9lateur de taille GN 2\/1 avec porte simple<br \/>\nPanneau de commande num\u00e9rique HACCP<br \/>\nAcier inoxydable de qualit\u00e9 430<br \/>\nTemp\u00e9rature de fonctionnement -5 \/ -22 \u00b0 C<br \/>\nCondenseur sans nettoyage<br \/>\nEn plus, Augmentation minimale de la temp\u00e9rature interne maximale pendant le d\u00e9givrage.<br \/>\nR\u00e9partition de l&#8217;air la plus efficace \u00e0 l&#8217;int\u00e9rieur avec un canal d&#8217;air sp\u00e9cialement con\u00e7u.<br \/>\nEn plus, Les doublures int\u00e9rieures et la base inf\u00e9rieure int\u00e9rieure embouties respectent les normes d&#8217;hygi\u00e8ne les plus strictes avec des angles arrondis et sont fabriqu\u00e9es en acier inoxydable.<br \/>\nInterrupteur de coupure automatique du ventilateur et lampe \u00e0 DEL interne<br \/>\nLarge joint amovible magn\u00e9tique avec une zone \u00e0 triple induction fournit une \u00e9tanch\u00e9it\u00e9 efficace qui r\u00e9duit les pertes de chaleur.<\/p>\n","protected":false},"excerpt":{"rendered":"<p>Cong\u00e9lateur de taille GN 2\/1 avec porte simple Panneau de commande num\u00e9rique HACCP Acier inoxydable de qualit\u00e9 430 Temp\u00e9rature de<\/p>\n","protected":false},"featured_media":10330,"comment_status":"open","ping_status":"closed","template":"","meta":[],"product_brand":[],"product_cat":[268,277,269],"product_tag":[],"class_list":{"0":"post-10329","1":"product","2":"type-product","3":"status-publish","4":"has-post-thumbnail","6":"product_cat-froids","7":"product_cat-a-negatives","8":"product_cat-armoires","10":"first","11":"instock","12":"shipping-taxable","13":"product-type-simple"},"_links":{"self":[{"href":"https:\/\/www.rgequip.com\/index.php?rest_route=\/wp\/v2\/product\/10329","targetHints":{"allow":["GET"]}}],"collection":[{"href":"https:\/\/www.rgequip.com\/index.php?rest_route=\/wp\/v2\/product"}],"about":[{"href":"https:\/\/www.rgequip.com\/index.php?rest_route=\/wp\/v2\/types\/product"}],"replies":[{"embeddable":true,"href":"https:\/\/www.rgequip.com\/index.php?rest_route=%2Fwp%2Fv2%2Fcomments&post=10329"}],"version-history":[{"count":0,"href":"https:\/\/www.rgequip.com\/index.php?rest_route=\/wp\/v2\/product\/10329\/revisions"}],"wp:featuredmedia":[{"embeddable":true,"href":"https:\/\/www.rgequip.com\/index.php?rest_route=\/wp\/v2\/media\/10330"}],"wp:attachment":[{"href":"https:\/\/www.rgequip.com\/index.php?rest_route=%2Fwp%2Fv2%2Fmedia&parent=10329"}],"wp:term":[{"taxonomy":"product_brand","embeddable":true,"href":"https:\/\/www.rgequip.com\/index.php?rest_route=%2Fwp%2Fv2%2Fproduct_brand&post=10329"},{"taxonomy":"product_cat","embeddable":true,"href":"https:\/\/www.rgequip.com\/index.php?rest_route=%2Fwp%2Fv2%2Fproduct_cat&post=10329"},{"taxonomy":"product_tag","embeddable":true,"href":"https:\/\/www.rgequip.com\/index.php?rest_route=%2Fwp%2Fv2%2Fproduct_tag&post=10329"}],"curies":[{"name":"wp","href":"https:\/\/api.w.org\/{rel}","templated":true}]}}